{"id":837,"date":"2018-09-20T11:44:31","date_gmt":"2018-09-20T09:44:31","guid":{"rendered":"http:\/\/www.klub-malawi.pl\/?page_id=837"},"modified":"2018-09-20T18:13:19","modified_gmt":"2018-09-20T16:13:19","slug":"tlo-btn-2w1-filtracja-i-dekoracja","status":"publish","type":"page","link":"https:\/\/www.klub-malawi.pl\/?page_id=837","title":{"rendered":"T\u0142o BTN 2w1 filtracja i dekoracja"},"content":{"rendered":"<div>\n<div><span style=\"color: #ffffff;\">Napisano <time title=\"28.05.2017 13:47 \" datetime=\"2017-05-28T11:47:05Z\" data-short=\"1 r \"> 28 Maj 2017<\/time><\/span><\/div>\n<\/div>\n<div class=\"cPost_contentWrap ipsPad\">\n<div class=\"ipsType_normal ipsType_richText ipsContained\" data-role=\"commentContent\" data-controller=\"core.front.core.lightboxedImages\">\n<p><span style=\"color: #ffffff;\">Ponad 10 lat temu, kiedy zdecydowa\u0142em si\u0119 na postawienie akwarium 576l o wymiarach 160x60x60 trafi\u0142em na stron\u0119 szwedzkiego producenta dekoracji Back to nature (BTN). Bardzo spodoba\u0142y mi si\u0119 produkty BTN i t\u0142o Rocky o wymiarach 160&#215;60\u00a0 cm. szybko trafi\u0142o\u00a0 do mnie. Zainteresowa\u0142o mnie rozwi\u0105zanie, kt\u00f3re Back to Nature sugeruje w swoich &#8222;Tips and Tricks&#8221; jak wykona\u0107 filtracj\u0119 z wykorzystaniem t\u0142a. <a style=\"color: #ffffff;\" href=\"https:\/\/backtonature.se\/en\/tipstricks\/1\" target=\"_blank\" rel=\"noopener\">https:\/\/backtonature.se\/en\/tipstricks\/1<\/a><\/span><\/p>\n<p><span style=\"color: #ffffff;\">Przyst\u0105pi\u0142em do prac. Z instalacj\u0105 t\u0142a nie by\u0142o najmniejszego problemu, gdy\u017c posiadam akwarium ramowe i musia\u0142em tylko odkr\u0119ci\u0107 dwie aluminiowe listewki, kt\u00f3re \u0142\u0105cz\u0105 na g\u00f3rze ram\u0119 przedni\u0105 i tyln\u0105. T\u0142o wklei\u0142em na sta\u0142e przy pomocy silikonu akwarystycznego, szczelnie do dna i dw\u00f3ch bok\u00f3w. Przed wklejeniem, oczywi\u015bcie wywierci\u0142em otw\u00f3r wlotowy o \u015brednicy ok 10 cm, przez kt\u00f3ry woda powinna dosta\u0107 si\u0119\u00a0za t\u0142o. Do tak przygotowanej konstrukcji, za t\u0142em, u\u0142o\u017cy\u0142em g\u0105bk\u0119 akwarystyczn\u0105 o du\u017cej porowato\u015bci PPI 10. \u00a0Po przeciwnej stronie wlotu postawi\u0142em pomp\u0119 obiegow\u0105 (jaki\u015b &#8222;no name&#8221;, chi\u0144czyk) 3000 l\/h. I wlot\/ zasys filtra kube\u0142kowego Eheim Professionel 3 (1250l\/h), kt\u00f3ry mi zosta\u0142 z poprzedniej aran\u017cacji.<\/span><\/p>\n<p><span style=\"color: #ffffff;\">Schematycznie wygl\u0105da to tak:<\/span><\/p>\n<p><span style=\"color: #ffffff;\"><img decoding=\"async\" class=\"aligncenter wp-image-848 size-full lazyload\" data-src=\"http:\/\/www.klub-malawi.pl\/wp-content\/uploads\/2018\/09\/592aba7e922ea_saulosariumzopisem.thumb_.jpg.18fe8a22039f35f137cad10586f85c1f.jpg\" alt=\"\" width=\"1000\" height=\"365\" data-srcset=\"https:\/\/www.klub-malawi.pl\/wp-content\/uploads\/2018\/09\/592aba7e922ea_saulosariumzopisem.thumb_.jpg.18fe8a22039f35f137cad10586f85c1f.jpg 1000w, https:\/\/www.klub-malawi.pl\/wp-content\/uploads\/2018\/09\/592aba7e922ea_saulosariumzopisem.thumb_.jpg.18fe8a22039f35f137cad10586f85c1f-150x55.jpg 150w, https:\/\/www.klub-malawi.pl\/wp-content\/uploads\/2018\/09\/592aba7e922ea_saulosariumzopisem.thumb_.jpg.18fe8a22039f35f137cad10586f85c1f-300x110.jpg 300w, https:\/\/www.klub-malawi.pl\/wp-content\/uploads\/2018\/09\/592aba7e922ea_saulosariumzopisem.thumb_.jpg.18fe8a22039f35f137cad10586f85c1f-768x280.jpg 768w\" data-sizes=\"(max-width: 1000px) 100vw, 1000px\" src=\"data:image\/svg+xml;base64,PHN2ZyB3aWR0aD0iMSIgaGVpZ2h0PSIxIiB4bWxucz0iaHR0cDovL3d3dy53My5vcmcvMjAwMC9zdmciPjwvc3ZnPg==\" style=\"--smush-placeholder-width: 1000px; --smush-placeholder-aspect-ratio: 1000\/365;\" \/><\/span><\/p>\n<p><span style=\"color: #ffffff;\">Po jakim\u015b czasie wpad\u0142 mi do g\u0142owy pomys\u0142 jak pozby\u0107 si\u0119 filmu bakteryjnego z powierzchni wody. W g\u00f3rnej kraw\u0119dzi t\u0142a wyci\u0105\u0142em szczelin\u0119, ok 2 cm szeroko\u015bci, aby woda mog\u0142a g\u00f3r\u0105 swobodnie wp\u0142ywa\u0107 za t\u0142o, zabieraj\u0105c ca\u0142y film na drug\u0105 stron\u0119. Przez jaki\u015b czas za t\u0142em dzia\u0142a\u0142 skimmer Hagen, ale po latach rurka karbowana rozpad\u0142a si\u0119 w drobny mak. \u00a0T\u0142o BTN jest do\u015b\u0107 nieregularne w wypuk\u0142o\u015bciach. Z \u00a0lewej strony, przy wlocie \u00a0oddalone jest od tylnej \u015bciany akwarium ok 10 cm, z prawej 22 cm. \u00a0Daje nam to mo\u017cliwo\u015b\u0107 schowania wszystkich urz\u0105dze\u0144, jak grza\u0142ka, skimmer itd. U mnie z ty\u0142u dzia\u0142a r\u00f3wnie\u017c falownik, kt\u00f3ry &#8222;miesza&#8221; tafl\u0119,\u00a0w celu napowietrzania wody.<\/span><\/p>\n<p><span style=\"color: #ffffff;\">Tak wygl\u0105da wlot za t\u0142o. W miejsce otworu wklei\u0142em cz\u0119\u015b\u0107 z kompletu filtra Eheim. Da\u0142o mi to mo\u017cliwo\u015b\u0107 zamontowania kratki, kt\u00f3ra zapobiega wp\u0142ywaniu ryb za t\u0142o.<img decoding=\"async\" class=\"aligncenter size-full wp-image-845 lazyload\" data-src=\"http:\/\/www.klub-malawi.pl\/wp-content\/uploads\/2018\/09\/IMG_20170528_123555.thumb_.jpg.8c0faec4470643ec2968569c4a7ce0af.jpg\" alt=\"\" width=\"1000\" height=\"562\" data-srcset=\"https:\/\/www.klub-malawi.pl\/wp-content\/uploads\/2018\/09\/IMG_20170528_123555.thumb_.jpg.8c0faec4470643ec2968569c4a7ce0af.jpg 1000w, https:\/\/www.klub-malawi.pl\/wp-content\/uploads\/2018\/09\/IMG_20170528_123555.thumb_.jpg.8c0faec4470643ec2968569c4a7ce0af-150x84.jpg 150w, https:\/\/www.klub-malawi.pl\/wp-content\/uploads\/2018\/09\/IMG_20170528_123555.thumb_.jpg.8c0faec4470643ec2968569c4a7ce0af-300x169.jpg 300w, https:\/\/www.klub-malawi.pl\/wp-content\/uploads\/2018\/09\/IMG_20170528_123555.thumb_.jpg.8c0faec4470643ec2968569c4a7ce0af-768x432.jpg 768w\" data-sizes=\"(max-width: 1000px) 100vw, 1000px\" src=\"data:image\/svg+xml;base64,PHN2ZyB3aWR0aD0iMSIgaGVpZ2h0PSIxIiB4bWxucz0iaHR0cDovL3d3dy53My5vcmcvMjAwMC9zdmciPjwvc3ZnPg==\" style=\"--smush-placeholder-width: 1000px; --smush-placeholder-aspect-ratio: 1000\/562;\" \/>Widok na wlot z drugiej strony:<\/span><\/p>\n<p><span style=\"color: #ffffff;\"><img decoding=\"async\" class=\"aligncenter size-full wp-image-842 lazyload\" data-src=\"http:\/\/www.klub-malawi.pl\/wp-content\/uploads\/2018\/09\/IMG_20170528_122921.thumb_.jpg.b430973a7e82ab415e5b86eb729d9cda.jpg\" alt=\"\" width=\"1000\" height=\"562\" data-srcset=\"https:\/\/www.klub-malawi.pl\/wp-content\/uploads\/2018\/09\/IMG_20170528_122921.thumb_.jpg.b430973a7e82ab415e5b86eb729d9cda.jpg 1000w, https:\/\/www.klub-malawi.pl\/wp-content\/uploads\/2018\/09\/IMG_20170528_122921.thumb_.jpg.b430973a7e82ab415e5b86eb729d9cda-150x84.jpg 150w, https:\/\/www.klub-malawi.pl\/wp-content\/uploads\/2018\/09\/IMG_20170528_122921.thumb_.jpg.b430973a7e82ab415e5b86eb729d9cda-300x169.jpg 300w, https:\/\/www.klub-malawi.pl\/wp-content\/uploads\/2018\/09\/IMG_20170528_122921.thumb_.jpg.b430973a7e82ab415e5b86eb729d9cda-768x432.jpg 768w\" data-sizes=\"(max-width: 1000px) 100vw, 1000px\" src=\"data:image\/svg+xml;base64,PHN2ZyB3aWR0aD0iMSIgaGVpZ2h0PSIxIiB4bWxucz0iaHR0cDovL3d3dy53My5vcmcvMjAwMC9zdmciPjwvc3ZnPg==\" style=\"--smush-placeholder-width: 1000px; --smush-placeholder-aspect-ratio: 1000\/562;\" \/>Deszczownica ustawiona pod k\u0105tem &#8222;wymiataj\u0105ca&#8221; nieczysto\u015bci w stron\u0119 wlotu. Wyprowadzenie obiegu wody z pompy cyrkulacyjnej. Zamontowana tu\u017c przy g\u00f3rnej kraw\u0119dzi, niewidoczna patrz\u0105c na wprost.<img decoding=\"async\" class=\"aligncenter size-full wp-image-840 lazyload\" data-src=\"http:\/\/www.klub-malawi.pl\/wp-content\/uploads\/2018\/09\/IMG_20170528_122703.thumb_.jpg.22dd46e8dc7a4cd4bb32ab4f4b6d0910.jpg\" alt=\"\" width=\"1000\" height=\"562\" data-srcset=\"https:\/\/www.klub-malawi.pl\/wp-content\/uploads\/2018\/09\/IMG_20170528_122703.thumb_.jpg.22dd46e8dc7a4cd4bb32ab4f4b6d0910.jpg 1000w, https:\/\/www.klub-malawi.pl\/wp-content\/uploads\/2018\/09\/IMG_20170528_122703.thumb_.jpg.22dd46e8dc7a4cd4bb32ab4f4b6d0910-150x84.jpg 150w, https:\/\/www.klub-malawi.pl\/wp-content\/uploads\/2018\/09\/IMG_20170528_122703.thumb_.jpg.22dd46e8dc7a4cd4bb32ab4f4b6d0910-300x169.jpg 300w, https:\/\/www.klub-malawi.pl\/wp-content\/uploads\/2018\/09\/IMG_20170528_122703.thumb_.jpg.22dd46e8dc7a4cd4bb32ab4f4b6d0910-768x432.jpg 768w\" data-sizes=\"(max-width: 1000px) 100vw, 1000px\" src=\"data:image\/svg+xml;base64,PHN2ZyB3aWR0aD0iMSIgaGVpZ2h0PSIxIiB4bWxucz0iaHR0cDovL3d3dy53My5vcmcvMjAwMC9zdmciPjwvc3ZnPg==\" style=\"--smush-placeholder-width: 1000px; --smush-placeholder-aspect-ratio: 1000\/562;\" \/>Z\u0142o\u017ca g\u0105bek za t\u0142em:<img decoding=\"async\" class=\"aligncenter size-full wp-image-844 lazyload\" data-src=\"http:\/\/www.klub-malawi.pl\/wp-content\/uploads\/2018\/09\/IMG_20170528_123014.thumb_.jpg.0e69a4ec245f9cdb1a9149c56c81169f.jpg\" alt=\"\" width=\"1000\" height=\"562\" data-srcset=\"https:\/\/www.klub-malawi.pl\/wp-content\/uploads\/2018\/09\/IMG_20170528_123014.thumb_.jpg.0e69a4ec245f9cdb1a9149c56c81169f.jpg 1000w, https:\/\/www.klub-malawi.pl\/wp-content\/uploads\/2018\/09\/IMG_20170528_123014.thumb_.jpg.0e69a4ec245f9cdb1a9149c56c81169f-150x84.jpg 150w, https:\/\/www.klub-malawi.pl\/wp-content\/uploads\/2018\/09\/IMG_20170528_123014.thumb_.jpg.0e69a4ec245f9cdb1a9149c56c81169f-300x169.jpg 300w, https:\/\/www.klub-malawi.pl\/wp-content\/uploads\/2018\/09\/IMG_20170528_123014.thumb_.jpg.0e69a4ec245f9cdb1a9149c56c81169f-768x432.jpg 768w\" data-sizes=\"(max-width: 1000px) 100vw, 1000px\" src=\"data:image\/svg+xml;base64,PHN2ZyB3aWR0aD0iMSIgaGVpZ2h0PSIxIiB4bWxucz0iaHR0cDovL3d3dy53My5vcmcvMjAwMC9zdmciPjwvc3ZnPg==\" style=\"--smush-placeholder-width: 1000px; --smush-placeholder-aspect-ratio: 1000\/562;\" \/><\/span><\/p>\n<p><span style=\"color: #ffffff;\"><img decoding=\"async\" class=\"aligncenter size-full wp-image-843 lazyload\" data-src=\"http:\/\/www.klub-malawi.pl\/wp-content\/uploads\/2018\/09\/IMG_20170528_123006.thumb_.jpg.dfa146cb9528cce36bbda70d61ce223d.jpg\" alt=\"\" width=\"421\" height=\"750\" data-srcset=\"https:\/\/www.klub-malawi.pl\/wp-content\/uploads\/2018\/09\/IMG_20170528_123006.thumb_.jpg.dfa146cb9528cce36bbda70d61ce223d.jpg 421w, https:\/\/www.klub-malawi.pl\/wp-content\/uploads\/2018\/09\/IMG_20170528_123006.thumb_.jpg.dfa146cb9528cce36bbda70d61ce223d-84x150.jpg 84w, https:\/\/www.klub-malawi.pl\/wp-content\/uploads\/2018\/09\/IMG_20170528_123006.thumb_.jpg.dfa146cb9528cce36bbda70d61ce223d-168x300.jpg 168w\" data-sizes=\"(max-width: 421px) 100vw, 421px\" src=\"data:image\/svg+xml;base64,PHN2ZyB3aWR0aD0iMSIgaGVpZ2h0PSIxIiB4bWxucz0iaHR0cDovL3d3dy53My5vcmcvMjAwMC9zdmciPjwvc3ZnPg==\" style=\"--smush-placeholder-width: 421px; --smush-placeholder-aspect-ratio: 421\/750;\" \/><\/span><\/p>\n<p><span style=\"color: #ffffff;\">Wylot z kube\u0142ka Eheim:<img decoding=\"async\" class=\"aligncenter size-full wp-image-841 lazyload\" data-src=\"http:\/\/www.klub-malawi.pl\/wp-content\/uploads\/2018\/09\/IMG_20170528_122716.thumb_.jpg.1672b215c750f3ff56d61e198f12f81e.jpg\" alt=\"\" width=\"1000\" height=\"562\" data-srcset=\"https:\/\/www.klub-malawi.pl\/wp-content\/uploads\/2018\/09\/IMG_20170528_122716.thumb_.jpg.1672b215c750f3ff56d61e198f12f81e.jpg 1000w, https:\/\/www.klub-malawi.pl\/wp-content\/uploads\/2018\/09\/IMG_20170528_122716.thumb_.jpg.1672b215c750f3ff56d61e198f12f81e-150x84.jpg 150w, https:\/\/www.klub-malawi.pl\/wp-content\/uploads\/2018\/09\/IMG_20170528_122716.thumb_.jpg.1672b215c750f3ff56d61e198f12f81e-300x169.jpg 300w, https:\/\/www.klub-malawi.pl\/wp-content\/uploads\/2018\/09\/IMG_20170528_122716.thumb_.jpg.1672b215c750f3ff56d61e198f12f81e-768x432.jpg 768w\" data-sizes=\"(max-width: 1000px) 100vw, 1000px\" src=\"data:image\/svg+xml;base64,PHN2ZyB3aWR0aD0iMSIgaGVpZ2h0PSIxIiB4bWxucz0iaHR0cDovL3d3dy53My5vcmcvMjAwMC9zdmciPjwvc3ZnPg==\" style=\"--smush-placeholder-width: 1000px; --smush-placeholder-aspect-ratio: 1000\/562;\" \/>A tak zbieraj\u0105 si\u0119\u00a0odchody, kt\u00f3re wp\u0142ywaj\u0105 za t\u0142o &#8222;na kup\u0119&#8221; Jest to przy okazji za jednym razem filtracja mechaniczna, bo w akwarium kupy nie zalegaj\u0105 tylko uk\u0142adaj\u0105 si\u0119 na \u0142adn\u0105\u00a0stert\u0119 za t\u0142em, kt\u00f3r\u0105 \u015bci\u0105gam w\u0119\u017cem przy ka\u017cdej podmianie wody.<img decoding=\"async\" class=\"aligncenter size-full wp-image-846 lazyload\" data-src=\"http:\/\/www.klub-malawi.pl\/wp-content\/uploads\/2018\/09\/IMG_20170528_173316.thumb_.jpg.6c01fd61e1ba0a7c068bc2f2a07556f2.jpg\" alt=\"\" width=\"1000\" height=\"562\" data-srcset=\"https:\/\/www.klub-malawi.pl\/wp-content\/uploads\/2018\/09\/IMG_20170528_173316.thumb_.jpg.6c01fd61e1ba0a7c068bc2f2a07556f2.jpg 1000w, https:\/\/www.klub-malawi.pl\/wp-content\/uploads\/2018\/09\/IMG_20170528_173316.thumb_.jpg.6c01fd61e1ba0a7c068bc2f2a07556f2-150x84.jpg 150w, https:\/\/www.klub-malawi.pl\/wp-content\/uploads\/2018\/09\/IMG_20170528_173316.thumb_.jpg.6c01fd61e1ba0a7c068bc2f2a07556f2-300x169.jpg 300w, https:\/\/www.klub-malawi.pl\/wp-content\/uploads\/2018\/09\/IMG_20170528_173316.thumb_.jpg.6c01fd61e1ba0a7c068bc2f2a07556f2-768x432.jpg 768w\" data-sizes=\"(max-width: 1000px) 100vw, 1000px\" src=\"data:image\/svg+xml;base64,PHN2ZyB3aWR0aD0iMSIgaGVpZ2h0PSIxIiB4bWxucz0iaHR0cDovL3d3dy53My5vcmcvMjAwMC9zdmciPjwvc3ZnPg==\" style=\"--smush-placeholder-width: 1000px; --smush-placeholder-aspect-ratio: 1000\/562;\" \/><\/span><\/p>\n<p><span style=\"color: #ffffff;\">Podsumowuj\u0105c zamontowanie jakiegokolwiek t\u0142a w ten spos\u00f3b daje nam dwie, a nawet wi\u0119cej korzy\u015bci. Mamy dekoracj\u0119 skalnego biotopu, filtracj\u0119 zbiornika oraz mo\u017cliwo\u015b\u0107 schowania wszystkich urz\u0105dze\u0144 technicznych. A najwa\u017cniejsze dla tych co nie lubi\u0105 za du\u017co robi\u0107 przy akwarium. Nie ma potrzeby czyszczenia g\u0105bek. Tak, jak napisano na backtonature.se system filtracji nie wymaga czyszczenia przez wiele lat. Ten typ filtracji jest du\u017co bardziej wydajny od wi\u0119kszo\u015bci filtr\u00f3w na rynku ze wzgl\u0119du na olbrzymi\u0105 ilo\u015b\u0107 z\u0142o\u017ca za t\u0142em. Mo\u017ce te\u017c okaza\u0107 si\u0119\u00a0ta\u0144szym w eksploatacji, bo sercem takiego uk\u0142adu mo\u017ce by\u0107 jedna pompa obiegowa. A propos\u00a0musz\u0119, chc\u0119 zmieni\u0107 pomp\u0119 u siebie na sterowan\u0105 elektronicznie Jebao 4000. M\u00f3j &#8222;chinol&#8221; zacina si\u0119 czasem przy przerwach w dostawie pr\u0105du. Dobrze, \u017ce wtedy Eheim poci\u0105gnie przez \u00a0jaki\u015b czas.<\/span><\/p>\n<div><\/div>\n<p><span style=\"color: #ffffff;\">Pozdrawiam Andrzej Prze\u017adziecki vel Przezda.<\/span><\/p>\n<p><span style=\"color: #ffffff;\">Podobne rozwi\u0105zanie opisano tutaj <a style=\"color: #ffffff;\" href=\"http:\/\/www.kim-jakobsen.dk\/Freshwater\/Articles\/Mbunaindretning\/mbunaindretning201206english.htm\" target=\"_blank\" rel=\"noopener\">http:\/\/www.kim-jakobsen.dk\/Freshwater\/Articles\/Mbunaindretning\/mbunaindretning201206english.htm<\/a><\/span><\/p>\n<\/div>\n<\/div>\n","protected":false},"excerpt":{"rendered":"<p>Napisano 28 Maj 2017 Ponad 10 lat temu, kiedy zdecydowa\u0142em si\u0119 na postawienie akwarium 576l o wymiarach 160x60x60 trafi\u0142em na stron\u0119 szwedzkiego producenta dekoracji Back to nature (BTN). Bardzo spodoba\u0142y mi si\u0119 produkty BTN i t\u0142o Rocky o wymiarach 160&#215;60\u00a0 cm. szybko trafi\u0142o\u00a0 do mnie. Zainteresowa\u0142o mnie rozwi\u0105zanie, kt\u00f3re Back to Nature sugeruje w swoich [&hellip;]<\/p>\n","protected":false},"author":2,"featured_media":0,"parent":146,"menu_order":0,"comment_status":"closed","ping_status":"closed","template":"","meta":{"footnotes":""},"class_list":["post-837","page","type-page","status-publish","hentry"],"_links":{"self":[{"href":"https:\/\/www.klub-malawi.pl\/index.php?rest_route=\/wp\/v2\/pages\/837","targetHints":{"allow":["GET"]}}],"collection":[{"href":"https:\/\/www.klub-malawi.pl\/index.php?rest_route=\/wp\/v2\/pages"}],"about":[{"href":"https:\/\/www.klub-malawi.pl\/index.php?rest_route=\/wp\/v2\/types\/page"}],"author":[{"embeddable":true,"href":"https:\/\/www.klub-malawi.pl\/index.php?rest_route=\/wp\/v2\/users\/2"}],"replies":[{"embeddable":true,"href":"https:\/\/www.klub-malawi.pl\/index.php?rest_route=%2Fwp%2Fv2%2Fcomments&post=837"}],"version-history":[{"count":5,"href":"https:\/\/www.klub-malawi.pl\/index.php?rest_route=\/wp\/v2\/pages\/837\/revisions"}],"predecessor-version":[{"id":858,"href":"https:\/\/www.klub-malawi.pl\/index.php?rest_route=\/wp\/v2\/pages\/837\/revisions\/858"}],"up":[{"embeddable":true,"href":"https:\/\/www.klub-malawi.pl\/index.php?rest_route=\/wp\/v2\/pages\/146"}],"wp:attachment":[{"href":"https:\/\/www.klub-malawi.pl\/index.php?rest_route=%2Fwp%2Fv2%2Fmedia&parent=837"}],"curies":[{"name":"wp","href":"https:\/\/api.w.org\/{rel}","templated":true}]}}