{"id":173,"date":"2018-08-31T18:02:57","date_gmt":"2018-08-31T16:02:57","guid":{"rendered":"http:\/\/www.klub-malawi.pl\/?page_id=173"},"modified":"2026-01-18T10:55:30","modified_gmt":"2026-01-18T08:55:30","slug":"partnerzy","status":"publish","type":"page","link":"https:\/\/www.klub-malawi.pl\/?page_id=173","title":{"rendered":"Partnerzy"},"content":{"rendered":"<div id=\"content\">\n<div id=\"component100\">\n<div class=\"categories-list\">\n<div class=\"category-desc base-desc\">\n<p style=\"text-align: center;\">Firmy i organizacje, z kt\u00f3rymi wsp\u00f3\u0142pracujemy.<\/p>\n<p><center><br \/>\n<a href=\"http:\/\/akwarium.szczecin.pl\/\" target=\"_blank\" rel=\"noopener noreferrer\"><img decoding=\"async\" class=\"size-full wp-image-347 aligncenter lazyload\" data-src=\"http:\/\/www.klub-malawi.pl\/wp-content\/uploads\/2018\/09\/294934137_akwariumszczecin.jpg.ed9398a6247723dfdd843ff05d4da3b4.jpg\" alt=\"\" width=\"468\" height=\"60\" data-srcset=\"https:\/\/www.klub-malawi.pl\/wp-content\/uploads\/2018\/09\/294934137_akwariumszczecin.jpg.ed9398a6247723dfdd843ff05d4da3b4.jpg 468w, https:\/\/www.klub-malawi.pl\/wp-content\/uploads\/2018\/09\/294934137_akwariumszczecin.jpg.ed9398a6247723dfdd843ff05d4da3b4-300x38.jpg 300w\" data-sizes=\"(max-width: 468px) 100vw, 468px\" src=\"data:image\/svg+xml;base64,PHN2ZyB3aWR0aD0iMSIgaGVpZ2h0PSIxIiB4bWxucz0iaHR0cDovL3d3dy53My5vcmcvMjAwMC9zdmciPjwvc3ZnPg==\" style=\"--smush-placeholder-width: 468px; --smush-placeholder-aspect-ratio: 468\/60;\" \/><\/a><\/center><center><\/center><center><\/center><center><\/center><center><a href=\"http:\/\/www.diskus-zoo.pl\/\" target=\"_blank\" rel=\"noopener noreferrer\"><img decoding=\"async\" class=\"size-full wp-image-349 aligncenter lazyload\" data-src=\"http:\/\/www.klub-malawi.pl\/wp-content\/uploads\/2018\/09\/discuszoo.jpg.0cb9199bd6c60e9b9732c9510a91a319.jpg\" alt=\"\" width=\"468\" height=\"60\" data-srcset=\"https:\/\/www.klub-malawi.pl\/wp-content\/uploads\/2018\/09\/discuszoo.jpg.0cb9199bd6c60e9b9732c9510a91a319.jpg 468w, https:\/\/www.klub-malawi.pl\/wp-content\/uploads\/2018\/09\/discuszoo.jpg.0cb9199bd6c60e9b9732c9510a91a319-300x38.jpg 300w\" data-sizes=\"(max-width: 468px) 100vw, 468px\" src=\"data:image\/svg+xml;base64,PHN2ZyB3aWR0aD0iMSIgaGVpZ2h0PSIxIiB4bWxucz0iaHR0cDovL3d3dy53My5vcmcvMjAwMC9zdmciPjwvc3ZnPg==\" style=\"--smush-placeholder-width: 468px; --smush-placeholder-aspect-ratio: 468\/60;\" \/><\/a><\/center><center><\/center><center><\/center><center><\/center><center><a href=\"https:\/\/magazynakwarium.pl\/\" target=\"_blank\" rel=\"noopener noreferrer\"><img decoding=\"async\" class=\"size-full wp-image-351 aligncenter lazyload\" data-src=\"http:\/\/www.klub-malawi.pl\/wp-content\/uploads\/2018\/09\/MA.jpg.b4a1583e3853620cb0b77b6b871577c6.jpg\" alt=\"\" width=\"468\" height=\"60\" data-srcset=\"https:\/\/www.klub-malawi.pl\/wp-content\/uploads\/2018\/09\/MA.jpg.b4a1583e3853620cb0b77b6b871577c6.jpg 468w, https:\/\/www.klub-malawi.pl\/wp-content\/uploads\/2018\/09\/MA.jpg.b4a1583e3853620cb0b77b6b871577c6-300x38.jpg 300w\" data-sizes=\"(max-width: 468px) 100vw, 468px\" src=\"data:image\/svg+xml;base64,PHN2ZyB3aWR0aD0iMSIgaGVpZ2h0PSIxIiB4bWxucz0iaHR0cDovL3d3dy53My5vcmcvMjAwMC9zdmciPjwvc3ZnPg==\" style=\"--smush-placeholder-width: 468px; --smush-placeholder-aspect-ratio: 468\/60;\" \/><\/a><\/center><center><\/center><center><a href=\"https:\/\/www.malawi-guru.de\/\" target=\"_blank\" rel=\"noopener noreferrer\"><img decoding=\"async\" class=\"size-full wp-image-352 aligncenter lazyload\" data-src=\"http:\/\/www.klub-malawi.pl\/wp-content\/uploads\/2018\/09\/malawiguru.jpg..jpg.25d275eb7781c22a04b1293be155fe6f.jpg\" alt=\"\" width=\"468\" height=\"60\" data-srcset=\"https:\/\/www.klub-malawi.pl\/wp-content\/uploads\/2018\/09\/malawiguru.jpg..jpg.25d275eb7781c22a04b1293be155fe6f.jpg 468w, https:\/\/www.klub-malawi.pl\/wp-content\/uploads\/2018\/09\/malawiguru.jpg..jpg.25d275eb7781c22a04b1293be155fe6f-300x38.jpg 300w\" data-sizes=\"(max-width: 468px) 100vw, 468px\" src=\"data:image\/svg+xml;base64,PHN2ZyB3aWR0aD0iMSIgaGVpZ2h0PSIxIiB4bWxucz0iaHR0cDovL3d3dy53My5vcmcvMjAwMC9zdmciPjwvc3ZnPg==\" style=\"--smush-placeholder-width: 468px; --smush-placeholder-aspect-ratio: 468\/60;\" \/><\/a><\/center><center><\/center><center><a href=\"http:\/\/www.tropical.pl\/\" target=\"_blank\" rel=\"noopener noreferrer\"><img decoding=\"async\" class=\"size-full wp-image-353 aligncenter lazyload\" data-src=\"http:\/\/www.klub-malawi.pl\/wp-content\/uploads\/2018\/09\/tropical.jpg.jpg.1c4a16747aadbe76b01a27cc064bfc4b.jpg\" alt=\"\" width=\"468\" height=\"60\" data-srcset=\"https:\/\/www.klub-malawi.pl\/wp-content\/uploads\/2018\/09\/tropical.jpg.jpg.1c4a16747aadbe76b01a27cc064bfc4b.jpg 468w, https:\/\/www.klub-malawi.pl\/wp-content\/uploads\/2018\/09\/tropical.jpg.jpg.1c4a16747aadbe76b01a27cc064bfc4b-300x38.jpg 300w\" data-sizes=\"(max-width: 468px) 100vw, 468px\" src=\"data:image\/svg+xml;base64,PHN2ZyB3aWR0aD0iMSIgaGVpZ2h0PSIxIiB4bWxucz0iaHR0cDovL3d3dy53My5vcmcvMjAwMC9zdmciPjwvc3ZnPg==\" style=\"--smush-placeholder-width: 468px; --smush-placeholder-aspect-ratio: 468\/60;\" \/><\/a><\/center><center><\/center><center><a href=\"https:\/\/sklep.palabras.pl\/\" target=\"_blank\" rel=\"noopener noreferrer\"><img decoding=\"async\" class=\"size-full wp-image-354 aligncenter lazyload\" data-src=\"http:\/\/www.klub-malawi.pl\/wp-content\/uploads\/2018\/09\/palabras-logo-1458023954.jpg.d10eac2f245feabe0308f49de7a41ada.jpg.b4d0c7a24832f8634ea6ae17ba7fc71c.jpg\" alt=\"\" width=\"468\" height=\"60\" data-srcset=\"https:\/\/www.klub-malawi.pl\/wp-content\/uploads\/2018\/09\/palabras-logo-1458023954.jpg.d10eac2f245feabe0308f49de7a41ada.jpg.b4d0c7a24832f8634ea6ae17ba7fc71c.jpg 468w, https:\/\/www.klub-malawi.pl\/wp-content\/uploads\/2018\/09\/palabras-logo-1458023954.jpg.d10eac2f245feabe0308f49de7a41ada.jpg.b4d0c7a24832f8634ea6ae17ba7fc71c-300x38.jpg 300w\" data-sizes=\"(max-width: 468px) 100vw, 468px\" src=\"data:image\/svg+xml;base64,PHN2ZyB3aWR0aD0iMSIgaGVpZ2h0PSIxIiB4bWxucz0iaHR0cDovL3d3dy53My5vcmcvMjAwMC9zdmciPjwvc3ZnPg==\" style=\"--smush-placeholder-width: 468px; --smush-placeholder-aspect-ratio: 468\/60;\" \/><\/a><\/center><\/div>\n<div class=\"category-desc base-desc\"><center><a href=\"http:\/\/tan-mal.pl\/\" target=\"_blank\" rel=\"noopener noreferrer\"><img decoding=\"async\" class=\"size-full wp-image-355 alignnone lazyload\" data-src=\"http:\/\/www.klub-malawi.pl\/wp-content\/uploads\/2018\/09\/tanmal.gif.792b98e759226e15a41ba6eb95068af2.gif\" alt=\"\" width=\"468\" height=\"60\" src=\"data:image\/svg+xml;base64,PHN2ZyB3aWR0aD0iMSIgaGVpZ2h0PSIxIiB4bWxucz0iaHR0cDovL3d3dy53My5vcmcvMjAwMC9zdmciPjwvc3ZnPg==\" style=\"--smush-placeholder-width: 468px; --smush-placeholder-aspect-ratio: 468\/60;\" \/><\/a><\/center><center><\/center><center><\/center><\/div>\n<p><a href=\"http:\/\/www.akwaria.pro\/\" target=\"_blank\" rel=\"noopener noreferrer\"><img decoding=\"async\" class=\"size-full wp-image-348 aligncenter lazyload\" data-src=\"http:\/\/www.klub-malawi.pl\/wp-content\/uploads\/2018\/09\/916698371_akwariapro.gif.c385278dc6ee1a5d85dd4f57fa89f34b.gif\" alt=\"\" width=\"468\" height=\"60\" src=\"data:image\/svg+xml;base64,PHN2ZyB3aWR0aD0iMSIgaGVpZ2h0PSIxIiB4bWxucz0iaHR0cDovL3d3dy53My5vcmcvMjAwMC9zdmciPjwvc3ZnPg==\" style=\"--smush-placeholder-width: 468px; --smush-placeholder-aspect-ratio: 468\/60;\" \/><\/a><\/p>\n<\/div>\n<\/div>\n<\/div>\n","protected":false},"excerpt":{"rendered":"<p>Firmy i organizacje, z kt\u00f3rymi wsp\u00f3\u0142pracujemy.<\/p>\n","protected":false},"author":2,"featured_media":0,"parent":0,"menu_order":0,"comment_status":"closed","ping_status":"closed","template":"","meta":{"footnotes":""},"class_list":["post-173","page","type-page","status-publish","hentry"],"_links":{"self":[{"href":"https:\/\/www.klub-malawi.pl\/index.php?rest_route=\/wp\/v2\/pages\/173","targetHints":{"allow":["GET"]}}],"collection":[{"href":"https:\/\/www.klub-malawi.pl\/index.php?rest_route=\/wp\/v2\/pages"}],"about":[{"href":"https:\/\/www.klub-malawi.pl\/index.php?rest_route=\/wp\/v2\/types\/page"}],"author":[{"embeddable":true,"href":"https:\/\/www.klub-malawi.pl\/index.php?rest_route=\/wp\/v2\/users\/2"}],"replies":[{"embeddable":true,"href":"https:\/\/www.klub-malawi.pl\/index.php?rest_route=%2Fwp%2Fv2%2Fcomments&post=173"}],"version-history":[{"count":28,"href":"https:\/\/www.klub-malawi.pl\/index.php?rest_route=\/wp\/v2\/pages\/173\/revisions"}],"predecessor-version":[{"id":1752,"href":"https:\/\/www.klub-malawi.pl\/index.php?rest_route=\/wp\/v2\/pages\/173\/revisions\/1752"}],"wp:attachment":[{"href":"https:\/\/www.klub-malawi.pl\/index.php?rest_route=%2Fwp%2Fv2%2Fmedia&parent=173"}],"curies":[{"name":"wp","href":"https:\/\/api.w.org\/{rel}","templated":true}]}}