{"id":168,"date":"2018-08-31T17:40:20","date_gmt":"2018-08-31T15:40:20","guid":{"rendered":"http:\/\/www.klub-malawi.pl\/?page_id=168"},"modified":"2024-01-24T11:25:02","modified_gmt":"2024-01-24T09:25:02","slug":"kontakt","status":"publish","type":"page","link":"https:\/\/www.klub-malawi.pl\/?page_id=168","title":{"rendered":"Kontakt"},"content":{"rendered":"<div style=\"display: block; margin-right: auto; margin-left: auto; text-align: left;\">\n<table style=\"border-collapse: collapse; width: 100%;\" border=\"1\">\n<tbody>\n<tr>\n<td style=\"width: 33.3333%;\"><span style=\"color: #ffffff;\"><a style=\"color: #ffffff;\" href=\"http:\/\/www.klub-malawi.pl\/wp-content\/uploads\/2018\/09\/large.5ac360459bf9b_n.v.samica2.JPG.5220ad0ad4f5faa0f592d45345683602.jpg\"><img decoding=\"async\" class=\"alignnone size-full wp-image-246 lazyload\" data-src=\"http:\/\/www.klub-malawi.pl\/wp-content\/uploads\/2018\/09\/large.5ac360459bf9b_n.v.samica2.JPG.5220ad0ad4f5faa0f592d45345683602.jpg\" alt=\"\" width=\"1600\" height=\"1283\" data-srcset=\"https:\/\/www.klub-malawi.pl\/wp-content\/uploads\/2018\/09\/large.5ac360459bf9b_n.v.samica2.JPG.5220ad0ad4f5faa0f592d45345683602.jpg 1600w, https:\/\/www.klub-malawi.pl\/wp-content\/uploads\/2018\/09\/large.5ac360459bf9b_n.v.samica2.JPG.5220ad0ad4f5faa0f592d45345683602-300x241.jpg 300w, https:\/\/www.klub-malawi.pl\/wp-content\/uploads\/2018\/09\/large.5ac360459bf9b_n.v.samica2.JPG.5220ad0ad4f5faa0f592d45345683602-768x616.jpg 768w, https:\/\/www.klub-malawi.pl\/wp-content\/uploads\/2018\/09\/large.5ac360459bf9b_n.v.samica2.JPG.5220ad0ad4f5faa0f592d45345683602-1024x821.jpg 1024w\" data-sizes=\"(max-width: 1600px) 100vw, 1600px\" src=\"data:image\/svg+xml;base64,PHN2ZyB3aWR0aD0iMSIgaGVpZ2h0PSIxIiB4bWxucz0iaHR0cDovL3d3dy53My5vcmcvMjAwMC9zdmciPjwvc3ZnPg==\" style=\"--smush-placeholder-width: 1600px; --smush-placeholder-aspect-ratio: 1600\/1283;\" \/><\/a><\/span><\/td>\n<td style=\"width: 33.3333%; text-align: center;\"><span style=\"color: #ffffff;\"><strong>Polskie Stowarzyszenie Mi\u0142o\u015bnik\u00f3w Piel\u0119gnic<\/strong><\/span><br \/>\n<span style=\"color: #ffffff;\"><strong>\u201eKlub Malawi\u201d<\/strong><\/span><br \/>\n<span style=\"color: #ffffff;\"><strong>ul. Moniuszki 5a\/10<\/strong><\/span><br \/>\n<span style=\"color: #ffffff;\"><strong>47-100 Strzelce Opolskie<\/strong><\/span><br \/>\n<span style=\"color: #ffffff;\"><strong>kontakt@klub-malawi.pl<\/strong><\/span><\/td>\n<td style=\"width: 33.3333%;\"><span style=\"color: #ffffff;\"><a style=\"color: #ffffff;\" href=\"http:\/\/www.klub-malawi.pl\/wp-content\/uploads\/2018\/09\/large.5ac360441a417_n.v.samica1.JPG.d197e205fe4b4dec4b711bd19b88cc29.jpg\"><img decoding=\"async\" class=\"alignnone size-full wp-image-245 lazyload\" data-src=\"http:\/\/www.klub-malawi.pl\/wp-content\/uploads\/2018\/09\/large.5ac360441a417_n.v.samica1.JPG.d197e205fe4b4dec4b711bd19b88cc29.jpg\" alt=\"\" width=\"1600\" height=\"1148\" data-srcset=\"https:\/\/www.klub-malawi.pl\/wp-content\/uploads\/2018\/09\/large.5ac360441a417_n.v.samica1.JPG.d197e205fe4b4dec4b711bd19b88cc29.jpg 1600w, https:\/\/www.klub-malawi.pl\/wp-content\/uploads\/2018\/09\/large.5ac360441a417_n.v.samica1.JPG.d197e205fe4b4dec4b711bd19b88cc29-300x215.jpg 300w, https:\/\/www.klub-malawi.pl\/wp-content\/uploads\/2018\/09\/large.5ac360441a417_n.v.samica1.JPG.d197e205fe4b4dec4b711bd19b88cc29-768x551.jpg 768w, https:\/\/www.klub-malawi.pl\/wp-content\/uploads\/2018\/09\/large.5ac360441a417_n.v.samica1.JPG.d197e205fe4b4dec4b711bd19b88cc29-1024x735.jpg 1024w\" data-sizes=\"(max-width: 1600px) 100vw, 1600px\" src=\"data:image\/svg+xml;base64,PHN2ZyB3aWR0aD0iMSIgaGVpZ2h0PSIxIiB4bWxucz0iaHR0cDovL3d3dy53My5vcmcvMjAwMC9zdmciPjwvc3ZnPg==\" style=\"--smush-placeholder-width: 1600px; --smush-placeholder-aspect-ratio: 1600\/1148;\" \/><\/a><\/span><\/td>\n<\/tr>\n<\/tbody>\n<\/table>\n<\/div>\n<table style=\"border-collapse: collapse; border-width: 1px; height: 755px;\" border=\"1\" width=\"656\" cellspacing=\"0\">\n<tbody>\n<tr style=\"height: 277px;\">\n<td style=\"text-align: center;\">\n<p style=\"text-align: center;\"><span style=\"color: #ffffff;\"><strong>Zarz\u0105d Stowarzyszenia:<\/strong><\/span><\/p>\n<p><span style=\"color: #999999;\"><strong><b>Prezes:<\/b><\/strong><b><br \/>\n<\/b><strong><b>Jaros\u0142aw Jask\u00f3lski<\/b><\/strong><b><br \/>\n<\/b><strong><b>prezes@klub-malawi.pl<\/b><\/strong><b><br \/>\n<\/b><strong><b>Marek \u017by\u0142a \u2013 marek_z_81<\/b><\/strong><b><br \/>\n<\/b><strong><b>Marcin Michalski \u2013 marcin73m<\/b><\/strong><\/span><\/p>\n<p><span style=\"color: #999999;\"><strong>\u0141ukasz Szewczyk &#8211; BombeL<br \/>\n<\/strong><\/span><span style=\"color: #999999;\"><strong>Piotr Bojarski &#8211; Bojar<br \/>\n<\/strong><\/span><\/td>\n<td style=\"width: 344.533px; height: 277px;\"><span style=\"color: #ffffff;\"><a style=\"color: #ffffff;\" href=\"http:\/\/www.klub-malawi.pl\/wp-content\/uploads\/2018\/09\/large.885293936_l.t.front_.JPG.fcf3716784204c7ff1a0d9eb7be6e71b.jpg\"><img decoding=\"async\" class=\"wp-image-247 size-medium aligncenter lazyload\" data-src=\"http:\/\/www.klub-malawi.pl\/wp-content\/uploads\/2018\/09\/large.885293936_l.t.front_.JPG.fcf3716784204c7ff1a0d9eb7be6e71b-300x253.jpg\" alt=\"\" width=\"300\" height=\"253\" data-srcset=\"https:\/\/www.klub-malawi.pl\/wp-content\/uploads\/2018\/09\/large.885293936_l.t.front_.JPG.fcf3716784204c7ff1a0d9eb7be6e71b-300x253.jpg 300w, https:\/\/www.klub-malawi.pl\/wp-content\/uploads\/2018\/09\/large.885293936_l.t.front_.JPG.fcf3716784204c7ff1a0d9eb7be6e71b-768x647.jpg 768w, https:\/\/www.klub-malawi.pl\/wp-content\/uploads\/2018\/09\/large.885293936_l.t.front_.JPG.fcf3716784204c7ff1a0d9eb7be6e71b-1024x863.jpg 1024w, https:\/\/www.klub-malawi.pl\/wp-content\/uploads\/2018\/09\/large.885293936_l.t.front_.JPG.fcf3716784204c7ff1a0d9eb7be6e71b.jpg 1424w\" data-sizes=\"(max-width: 300px) 100vw, 300px\" src=\"data:image\/svg+xml;base64,PHN2ZyB3aWR0aD0iMSIgaGVpZ2h0PSIxIiB4bWxucz0iaHR0cDovL3d3dy53My5vcmcvMjAwMC9zdmciPjwvc3ZnPg==\" style=\"--smush-placeholder-width: 300px; --smush-placeholder-aspect-ratio: 300\/253;\" \/><\/a><\/span><\/td>\n<\/tr>\n<tr style=\"height: 478px;\">\n<td style=\"width: 304.467px; height: 478px;\"><span style=\"color: #ffffff;\"><a style=\"color: #ffffff;\" href=\"http:\/\/www.klub-malawi.pl\/wp-content\/uploads\/2018\/09\/large.287271649_c.z.front_.JPG.602efc9c7ba9397299271eb929d09bb1.jpg\"><img decoding=\"async\" class=\"wp-image-282 size-medium aligncenter lazyload\" data-src=\"http:\/\/www.klub-malawi.pl\/wp-content\/uploads\/2018\/09\/large.287271649_c.z.front_.JPG.602efc9c7ba9397299271eb929d09bb1-300x268.jpg\" alt=\"\" width=\"300\" height=\"268\" data-srcset=\"https:\/\/www.klub-malawi.pl\/wp-content\/uploads\/2018\/09\/large.287271649_c.z.front_.JPG.602efc9c7ba9397299271eb929d09bb1-300x268.jpg 300w, https:\/\/www.klub-malawi.pl\/wp-content\/uploads\/2018\/09\/large.287271649_c.z.front_.JPG.602efc9c7ba9397299271eb929d09bb1-768x686.jpg 768w, https:\/\/www.klub-malawi.pl\/wp-content\/uploads\/2018\/09\/large.287271649_c.z.front_.JPG.602efc9c7ba9397299271eb929d09bb1-1024x914.jpg 1024w, https:\/\/www.klub-malawi.pl\/wp-content\/uploads\/2018\/09\/large.287271649_c.z.front_.JPG.602efc9c7ba9397299271eb929d09bb1.jpg 1344w\" data-sizes=\"(max-width: 300px) 100vw, 300px\" src=\"data:image\/svg+xml;base64,PHN2ZyB3aWR0aD0iMSIgaGVpZ2h0PSIxIiB4bWxucz0iaHR0cDovL3d3dy53My5vcmcvMjAwMC9zdmciPjwvc3ZnPg==\" style=\"--smush-placeholder-width: 300px; --smush-placeholder-aspect-ratio: 300\/268;\" \/><\/a><\/span><\/p>\n<p style=\"text-align: center;\"><span style=\"color: #ffffff;\"><strong>Sprawy zwi\u0105zane ze sk\u0142adkami, p\u0142atno\u015bciami PayPal:<\/strong><\/span><br \/>\n<span style=\"color: #ffffff;\"><strong>fundusz@klub-malawi.pl<\/strong><\/span><\/p>\n<p style=\"text-align: center;\"><span style=\"color: #ffffff;\"><strong>Zarz\u0105d Stowarzyszenia:<\/strong><\/span><br \/>\n<span style=\"color: #ffffff;\"><strong>rs@klub-malawi.pl<\/strong><\/span><br \/>\n<span style=\"color: #ffffff;\"><strong>Sprawy bie\u017c\u0105ce:<\/strong><\/span><br \/>\n<span style=\"color: #ffffff;\"><strong>kontakt@klub-malawi.pl<\/strong><\/span><\/p>\n<\/td>\n<td style=\"width: 344.533px; text-align: center; height: 478px;\">\n<p style=\"text-align: center;\"><span style=\"color: #ffffff;\"><strong>Siedziba stowarzyszenia:<\/strong><\/span><\/p>\n<p style=\"text-align: center;\"><span style=\"color: #ffffff;\"><strong>Polskie Stowarzyszenie Mi\u0142o\u015bnik\u00f3w Piel\u0119gnic<br \/>\n&#8222;Klub Malawi&#8221;<\/strong><\/span><br \/>\n<span style=\"color: #ffffff;\"><strong>ul. Moniuszki 5a\/10<\/strong><\/span><\/p>\n<p style=\"text-align: center;\"><span style=\"color: #ffffff;\"><strong>47-100 Strzelce Opolskie<\/strong><\/span><br \/>\n<span style=\"color: #ffffff;\"><strong>NIP: 632 199 31 43<\/strong><\/span><\/p>\n<p>&nbsp;<\/p>\n<p>&nbsp;<\/p>\n<p><span style=\"color: #ffffff;\"><img decoding=\"async\" class=\"aligncenter size-medium wp-image-407 lazyload\" data-src=\"http:\/\/www.klub-malawi.pl\/wp-content\/uploads\/2018\/09\/DSC_7646a-300x234.jpg\" alt=\"\" width=\"300\" height=\"234\" data-srcset=\"https:\/\/www.klub-malawi.pl\/wp-content\/uploads\/2018\/09\/DSC_7646a-300x234.jpg 300w, https:\/\/www.klub-malawi.pl\/wp-content\/uploads\/2018\/09\/DSC_7646a-768x600.jpg 768w, https:\/\/www.klub-malawi.pl\/wp-content\/uploads\/2018\/09\/DSC_7646a-1024x800.jpg 1024w\" data-sizes=\"(max-width: 300px) 100vw, 300px\" src=\"data:image\/svg+xml;base64,PHN2ZyB3aWR0aD0iMSIgaGVpZ2h0PSIxIiB4bWxucz0iaHR0cDovL3d3dy53My5vcmcvMjAwMC9zdmciPjwvc3ZnPg==\" style=\"--smush-placeholder-width: 300px; --smush-placeholder-aspect-ratio: 300\/234;\" \/><\/span><\/p>\n<p>&nbsp;<\/td>\n<\/tr>\n<\/tbody>\n<\/table>\n<p><span style=\"color: #ffffff;\"><a style=\"color: #ffffff;\" href=\"www.klub-malawi.pl\/\" target=\"_blank\" rel=\"noopener noreferrer\"><img decoding=\"async\" data-src=\"http:\/\/www.klub-malawi.pl\/wp-content\/uploads\/2018\/09\/2026403454_8c.jpg.eec234a6595be2afcdaf9ab45003d0b11.thumb_.jpg.5029f793759cd703f2f6993efd8745a8.jpg\" src=\"data:image\/svg+xml;base64,PHN2ZyB3aWR0aD0iMSIgaGVpZ2h0PSIxIiB4bWxucz0iaHR0cDovL3d3dy53My5vcmcvMjAwMC9zdmciPjwvc3ZnPg==\" class=\"lazyload\" \/><\/a><\/span><\/p>\n<p><span style=\"color: #ffffff;\">Kod baneru do wstawienia na stron\u0119.<\/span><\/p>\n<table style=\"border-collapse: collapse; width: 54.3153%; height: 85px;\" border=\"1\">\n<tbody>\n<tr style=\"height: 24px;\">\n<td style=\"width: 100%; height: 80px;\"><span style=\"font-size: 4pt; color: #ffffff;\">&lt;a href=&#8221;www.klub-malawi.pl\/&#8221;&gt; &lt;a href=&#8221;www.klub-malawi.pl\/&#8221; imageanchor=&#8221;1&#8243; target=&#8221;_blank&#8221;&gt;&lt;img src=&#8221;http:\/\/www.klub-malawi.pl\/wp-content\/uploads\/2018\/09\/2026403454_8c.jpg.eec234a6595be2afcdaf9ab45003d0b11.thumb_.jpg.5029f793759cd703f2f6993efd8745a8.jpg&#8221;&gt;&lt;\/a&gt;<\/span><\/td>\n<\/tr>\n<\/tbody>\n<\/table>\n<p><span style=\"font-size: 4pt; color: #ffffff;\">\u00a0<\/span><\/p>\n","protected":false},"excerpt":{"rendered":"<p>Polskie Stowarzyszenie Mi\u0142o\u015bnik\u00f3w Piel\u0119gnic \u201eKlub Malawi\u201d ul. Moniuszki 5a\/10 47-100 Strzelce Opolskie kontakt@klub-malawi.pl Zarz\u0105d Stowarzyszenia: Prezes: Jaros\u0142aw Jask\u00f3lski prezes@klub-malawi.pl Marek \u017by\u0142a \u2013 marek_z_81 Marcin Michalski \u2013 marcin73m \u0141ukasz Szewczyk &#8211; BombeL Piotr Bojarski &#8211; Bojar Sprawy zwi\u0105zane ze sk\u0142adkami, p\u0142atno\u015bciami PayPal: fundusz@klub-malawi.pl Zarz\u0105d Stowarzyszenia: rs@klub-malawi.pl Sprawy bie\u017c\u0105ce: kontakt@klub-malawi.pl Siedziba stowarzyszenia: Polskie Stowarzyszenie Mi\u0142o\u015bnik\u00f3w Piel\u0119gnic &#8222;Klub [&hellip;]<\/p>\n","protected":false},"author":2,"featured_media":0,"parent":0,"menu_order":0,"comment_status":"closed","ping_status":"closed","template":"","meta":{"footnotes":""},"class_list":["post-168","page","type-page","status-publish","hentry"],"_links":{"self":[{"href":"https:\/\/www.klub-malawi.pl\/index.php?rest_route=\/wp\/v2\/pages\/168","targetHints":{"allow":["GET"]}}],"collection":[{"href":"https:\/\/www.klub-malawi.pl\/index.php?rest_route=\/wp\/v2\/pages"}],"about":[{"href":"https:\/\/www.klub-malawi.pl\/index.php?rest_route=\/wp\/v2\/types\/page"}],"author":[{"embeddable":true,"href":"https:\/\/www.klub-malawi.pl\/index.php?rest_route=\/wp\/v2\/users\/2"}],"replies":[{"embeddable":true,"href":"https:\/\/www.klub-malawi.pl\/index.php?rest_route=%2Fwp%2Fv2%2Fcomments&post=168"}],"version-history":[{"count":107,"href":"https:\/\/www.klub-malawi.pl\/index.php?rest_route=\/wp\/v2\/pages\/168\/revisions"}],"predecessor-version":[{"id":1745,"href":"https:\/\/www.klub-malawi.pl\/index.php?rest_route=\/wp\/v2\/pages\/168\/revisions\/1745"}],"wp:attachment":[{"href":"https:\/\/www.klub-malawi.pl\/index.php?rest_route=%2Fwp%2Fv2%2Fmedia&parent=168"}],"curies":[{"name":"wp","href":"https:\/\/api.w.org\/{rel}","templated":true}]}}