{"id":1620,"date":"2020-05-17T12:20:38","date_gmt":"2020-05-17T10:20:38","guid":{"rendered":"http:\/\/www.klub-malawi.pl\/?page_id=1620"},"modified":"2020-05-17T12:20:38","modified_gmt":"2020-05-17T10:20:38","slug":"filtracja-back-to-nature-z-uzyciem-tla-strukturalnego-lub-modulow-skalnych","status":"publish","type":"page","link":"https:\/\/www.klub-malawi.pl\/?page_id=1620","title":{"rendered":"Filtracja Back To Nature z u\u017cyciem t\u0142a strukturalnego lub modu\u0142\u00f3w skalnych"},"content":{"rendered":"<p>Ten rodzaj filtracji wywodzi si\u0119 ze Szwecji\u00a0a idea i zasada dzia\u0142ania jest podobna do filtr\u00f3w HMF (Hamburg Mattenfilter), zapocz\u0105tkowanych w latach 60-tych ubieg\u0142ego stulecia w Niemczech.<\/p>\n<p>Filtracja ta oparta jest na poliuretanowych g\u0105bkach, kt\u00f3re posiadaj\u0105 bardzo du\u017c\u0105 powierzchni\u0119 filtracyjn\u0105 dzi\u0119ki swojej budowie i s\u0105 doskona\u0142ym siedliskiem biofilmu. Tak wi\u0119c zadaniem g\u0105bki w tych filtrach nie jest filtrowanie mechaniczne, jak zazwyczaj si\u0119 przypuszcza, a osadzenie si\u0119 na niej mikroorganizm\u00f3w do kt\u00f3rych nale\u017c\u0105 bakterie, archeony, rz\u0119ski, wiciowce i wiele innych. Te mikroorganizmy \u017cyj\u0105 w gromadzie tworz\u0105c biofilm dzi\u0119ki bakteriom, kt\u00f3re wydzielaj\u0105 pozakom\u00f3rkow\u0105 substancj\u0119 polimerow\u0105, potocznie zwan\u0105 szlamem. Gromada tych mikroorganizm\u00f3w formuje bioreaktor, kt\u00f3ry przetwarza odpady na pokarm i zasoby energii wykorzystywane dla w\u0142asnych potrzeb, a ostatecznie do organicznych i nieorganicznych produkt\u00f3w (m.in NO3). Produkty te wykorzystywane s\u0105 przez ro\u015bliny, wyparowuj\u0105, lub s\u0105 usuwane poprzez podmiany wody. Potrzebna jest znaczna ilo\u015b\u0107 czasu na wytworzenie tej gromady mikroorganizm\u00f3w i bardzo wa\u017cne jest, aby tego \u015brodowiska nie narusza\u0107 je\u015bli nie zachodzi taka konieczno\u015b\u0107. Zatem ten br\u0105zowy szlam (osad), w tego rodzaju filtrach jest w przewa\u017caj\u0105cej cz\u0119\u015bci \u017cywy i zwyczajnie nie jest zanieczyszczeniem. Usuwanie tego osadu przynosi wi\u0119cej szkody ni\u017c po\u017cytku. Filtry tego typu posiadaj\u0105 du\u017c\u0105 powierzchni\u0119 filtracyjn\u0105, a specyficzna budowa g\u0105bek poliuretanowych nadaje si\u0119 idealnie do piel\u0119gnacji mikroorganizm\u00f3w na d\u0142ugi czas. Z tego wzgl\u0119du filtry te s\u0105 w stanie funkcjonowa\u0107 latami. Ich prac\u0119 mo\u017cna por\u00f3wna\u0107 do warstw ziemi, piachu i \u017cwiru wzd\u0142u\u017c brzeg\u00f3w rzek i potok\u00f3w. Obszary te zwane s\u0105 strefami nadbrze\u017cnymi, w kt\u00f3rych osad gromadzi si\u0119, oczyszcza wod\u0119, sprawiaj\u0105c, \u017ce staje si\u0119 krystalicznie czysta, a znajduj\u0105ce si\u0119 w nim mikroorganizmy usuwaj\u0105 rozpuszczone w wodzie zanieczyszczenia. Filtracja ta tworzy nam tak\u0105 w\u0142a\u015bnie stref\u0119 przybrze\u017cn\u0105 w akwariach i spe\u0142nia swoj\u0105 funkcj\u0119 najlepiej, gdy nie jest naruszana. Filtry te nie powinny by\u0107 czyszczone, je\u015bli nie zmusza nas do tego opadaj\u0105cy poziom wody za t\u0142em, w module, czy za g\u0105bk\u0105 w Hamburgu. S\u0105 one w stanie funkcjonowa\u0107 nawet 10 lat! Czym wi\u0119ksza powierzchnia filtracyjna, tym d\u0142u\u017cej s\u0105 w stanie funkcjonowa\u0107 bez ingerencji. M\u00f3wi si\u0119 o zjawisku denitryfikacji, kt\u00f3ra zachodzi w grubych warstwach substratu, w strefach beztlenowych, lub w \u017cywych ska\u0142ach, czy ska\u0142ach wulkanicznych. Nie jest to jednak kompletna historia. Osad powstaj\u0105cy w tych filtrach zasiedlaj\u0105 r\u00f3wnie\u017c bakterie beztlenowe. Im bardziej dojrza\u0142y i nienaruszany biofilm, tym wi\u0119cej jest w stanie usun\u0105\u0107 azotan\u00f3w w zbiorniku. Jak wspomnia\u0142em wcze\u015bniej, to NO3 mo\u017ce by\u0107 r\u00f3wnie\u017c wykorzystywane przez ro\u015bliny, a przestrze\u0144 za t\u0142em, czy modu\u0142em, oraz poci\u0119te w kostk\u0119 g\u0105bki mog\u0105 pe\u0142ni\u0107 funkcj\u0119 doniczki z substratem dla ro\u015blin. Tak wi\u0119c bardzo prostym sposobem mo\u017cemy stworzy\u0107 aquaponik\u0119 sadz\u0105c w g\u0105bki niekt\u00f3re gatunki kwiat\u00f3w doniczkowych ( Skrzyd\u0142okwiaty, Epipremnum z\u0142ociste, Monstera deliciosa, czy Chlorophytum comosum).<\/p>\n<p>Poni\u017cej kilka najcz\u0119\u015bciej zadawanych pyta\u0144 z odpowiedziami.<\/p>\n<p>&nbsp;<\/p>\n<p>Jakiej gradacji g\u0105bki powinni\u015bmy u\u017cy\u0107?<\/p>\n<p>Do naszego biotopu najodpowiedniejsza b\u0119dzie g\u0105bka o gradacji 10-30 PPI. W modu\u0142ach, czy za t\u0142em nie ma potrzeby stosowa\u0107 drobniejszej g\u0105bki ni\u017c 10 PPI ze wzgl\u0119du na du\u017c\u0105 powierzchni\u0119 filtracyjn\u0105. Mo\u017cna jednak przy zasysie pompy zastosowa\u0107 PPI 20-30 dla uzyskania lepszego efektu filtracji mechanicznej na samym pocz\u0105tku, gdy g\u0105bki pozbawione s\u0105 jeszcze szlamu. Gradacja g\u0105bki uzale\u017cniona jest te\u017c od mocy pompy, obsady naszego zbiornika oraz ilo\u015bci podawanych pokarm\u00f3w.<\/p>\n<p>&nbsp;<\/p>\n<p>Czy potrzebna jest dodatkowo ceramika jako z\u0142o\u017ce biologiczne dla bakterii nitryfikacyjnych?<\/p>\n<p>Nie ma potrzeby u\u017cycia jakiejkolwiek ceramiki lub innych rodzaj\u00f3w z\u0142o\u017ca biologicznego. Filtracja ta sama w sobie ma ogromny potencja\u0142. G\u0105bki s\u0105 siedliskiem o wiele wi\u0119kszej grupy bakterii oraz mikroorganizm\u00f3w, ni\u017c w przypadku innych filtr\u00f3w, z kt\u00f3rych s\u0105 regularnie usuwane podczas czyszczenia.<\/p>\n<p>&nbsp;<\/p>\n<p>Czy wielko\u015b\u0107 zbiornika ma wp\u0142yw na zmniejszenie wydajno\u015bci tej filtracji?<\/p>\n<p>Wielko\u015b\u0107 zbiornika nie ma znaczenia. Wa\u017cny jest tylko wyb\u00f3r pompy o odpowiedniej mocy.<\/p>\n<p>&nbsp;<\/p>\n<p>Czy z czasem wyczuwalny jest nieprzyjemny zapach?<\/p>\n<p>Bezobs\u0142ugowo\u015b\u0107 tej filtracji nie wp\u0142ywa w \u017caden spos\u00f3b na wydzielanie si\u0119 jakichkolwiek nieprzyjemnych zapach\u00f3w.<\/p>\n<p>&nbsp;<\/p>\n<p>Czy brak pr\u0105du mo\u017ce spowodowa\u0107 wytworzenie si\u0119 siarkowodoru, kt\u00f3ry jest niebezpieczny dla naszych ryb?<\/p>\n<p>Zanotowano nawet pi\u0119ciodniowy brak pr\u0105du, kt\u00f3ry nie spowodowa\u0142 w \u017caden spos\u00f3b zachwiania r\u00f3wnowagi biologicznej w akwariach, a tym bardziej nie by\u0142 zagro\u017ceniem dla ryb. System ten jest otwarty i dzi\u0119ki temu ma sta\u0142y dost\u0119p do tlenu.<\/p>\n<p>Poni\u017cej zdj\u0119cia, linki z informacjami oraz instalacj\u0105:<\/p>\n<p>&nbsp;<\/p>\n<p>Osad w Hamburgu<\/p>\n<p><a class=\"ipsAttachLink ipsAttachLink_image\" href=\"http:\/\/forum.klub-malawi.pl\/uploads\/monthly_2020_05\/IMG_20200208_103025.jpg.88ec2b690a5d1b0a72535dd814c78650.jpg\" rel=\"\" data-fileext=\"jpg\" data-fileid=\"49950\" data-ipslightbox=\"\" data-ipslightbox-group=\"g94795\"><img decoding=\"async\" class=\"ipsImage ipsImage_thumbnailed lazyload\" data-src=\"http:\/\/forum.klub-malawi.pl\/uploads\/monthly_2020_05\/IMG_20200208_103025.thumb.jpg.b05348ba7be4759c4396529fe1ec16e5.jpg\" alt=\"IMG_20200208_103025.thumb.jpg.b05348ba7be4759c4396529fe1ec16e5.jpg\" width=\"422\" data-fileid=\"49950\" data-ratio=\"177.73\" src=\"data:image\/svg+xml;base64,PHN2ZyB3aWR0aD0iMSIgaGVpZ2h0PSIxIiB4bWxucz0iaHR0cDovL3d3dy53My5vcmcvMjAwMC9zdmciPjwvc3ZnPg==\" \/><\/a><\/p>\n<p>Instalacja modu\u0142u na pompie Aquael Circulator 2000 &#8211; krok po kroku.<\/p>\n<p><a class=\"ipsAttachLink ipsAttachLink_image\" href=\"http:\/\/forum.klub-malawi.pl\/uploads\/monthly_2020_05\/IMG_20190813_170648.jpg.86c97d8d6ceda276d31106e5846e75aa.jpg\" rel=\"\" data-fileext=\"jpg\" data-fileid=\"49966\" data-ipslightbox=\"\" data-ipslightbox-group=\"g94795\"><img decoding=\"async\" class=\"ipsImage ipsImage_thumbnailed lazyload\" data-src=\"http:\/\/forum.klub-malawi.pl\/uploads\/monthly_2020_05\/IMG_20190813_170648.thumb.jpg.42dbf09c4f87cc122a46d0aa17b9fc78.jpg\" alt=\"IMG_20190813_170648.thumb.jpg.42dbf09c4f87cc122a46d0aa17b9fc78.jpg\" width=\"422\" data-fileid=\"49966\" data-ratio=\"177.73\" src=\"data:image\/svg+xml;base64,PHN2ZyB3aWR0aD0iMSIgaGVpZ2h0PSIxIiB4bWxucz0iaHR0cDovL3d3dy53My5vcmcvMjAwMC9zdmciPjwvc3ZnPg==\" \/><\/a><\/p>\n<p><a class=\"ipsAttachLink ipsAttachLink_image\" href=\"http:\/\/forum.klub-malawi.pl\/uploads\/monthly_2020_05\/IMG_20190815_154030.jpg.2797f5d823402754e4ee296ef3135c1c.jpg\" rel=\"\" data-fileext=\"jpg\" data-fileid=\"49965\" data-ipslightbox=\"\" data-ipslightbox-group=\"g94795\"><img decoding=\"async\" class=\"ipsImage ipsImage_thumbnailed lazyload\" data-src=\"http:\/\/forum.klub-malawi.pl\/uploads\/monthly_2020_05\/IMG_20190815_154030.thumb.jpg.fcd86915ad9e519fb8fa3a7babdee3b1.jpg\" alt=\"IMG_20190815_154030.thumb.jpg.fcd86915ad9e519fb8fa3a7babdee3b1.jpg\" width=\"1000\" data-fileid=\"49965\" data-ratio=\"56.30\" src=\"data:image\/svg+xml;base64,PHN2ZyB3aWR0aD0iMSIgaGVpZ2h0PSIxIiB4bWxucz0iaHR0cDovL3d3dy53My5vcmcvMjAwMC9zdmciPjwvc3ZnPg==\" \/><\/a><\/p>\n<p><a class=\"ipsAttachLink ipsAttachLink_image\" href=\"http:\/\/forum.klub-malawi.pl\/uploads\/monthly_2020_05\/IMG_20190815_153811.jpg.e3b41809ce5e6e12a1754d31ce9ef93c.jpg\" rel=\"\" data-fileext=\"jpg\" data-fileid=\"49964\" data-ipslightbox=\"\" data-ipslightbox-group=\"g94795\"><img decoding=\"async\" class=\"ipsImage ipsImage_thumbnailed lazyload\" data-src=\"http:\/\/forum.klub-malawi.pl\/uploads\/monthly_2020_05\/IMG_20190815_153811.thumb.jpg.147e75317c0d2fe288439f179cb2a4cf.jpg\" alt=\"IMG_20190815_153811.thumb.jpg.147e75317c0d2fe288439f179cb2a4cf.jpg\" width=\"422\" data-fileid=\"49964\" data-ratio=\"177.73\" src=\"data:image\/svg+xml;base64,PHN2ZyB3aWR0aD0iMSIgaGVpZ2h0PSIxIiB4bWxucz0iaHR0cDovL3d3dy53My5vcmcvMjAwMC9zdmciPjwvc3ZnPg==\" \/><\/a><\/p>\n<p><a class=\"ipsAttachLink ipsAttachLink_image\" href=\"http:\/\/forum.klub-malawi.pl\/uploads\/monthly_2020_05\/IMG_20190818_153918.jpg.9a06df4f0f93692ee414ce9c6896e2f2.jpg\" rel=\"\" data-fileext=\"jpg\" data-fileid=\"49970\" data-ipslightbox=\"\" data-ipslightbox-group=\"g94795\"><img decoding=\"async\" class=\"ipsImage ipsImage_thumbnailed lazyload\" data-src=\"http:\/\/forum.klub-malawi.pl\/uploads\/monthly_2020_05\/IMG_20190818_153918.thumb.jpg.87f78663fcf435bfb8d8dcf284593901.jpg\" alt=\"IMG_20190818_153918.thumb.jpg.87f78663fcf435bfb8d8dcf284593901.jpg\" width=\"422\" data-fileid=\"49970\" data-ratio=\"177.73\" src=\"data:image\/svg+xml;base64,PHN2ZyB3aWR0aD0iMSIgaGVpZ2h0PSIxIiB4bWxucz0iaHR0cDovL3d3dy53My5vcmcvMjAwMC9zdmciPjwvc3ZnPg==\" \/><\/a><\/p>\n<p><a class=\"ipsAttachLink ipsAttachLink_image\" href=\"http:\/\/forum.klub-malawi.pl\/uploads\/monthly_2020_05\/IMG_20190830_132008.jpg.c8ee9fa45cb363cec99c567df631d239.jpg\" rel=\"\" data-fileext=\"jpg\" data-fileid=\"49967\" data-ipslightbox=\"\" data-ipslightbox-group=\"g94795\"><img decoding=\"async\" class=\"ipsImage ipsImage_thumbnailed lazyload\" data-src=\"http:\/\/forum.klub-malawi.pl\/uploads\/monthly_2020_05\/IMG_20190830_132008.thumb.jpg.54608fb66f69a384eedc3558baff7d49.jpg\" alt=\"IMG_20190830_132008.thumb.jpg.54608fb66f69a384eedc3558baff7d49.jpg\" width=\"422\" data-fileid=\"49967\" data-ratio=\"177.73\" src=\"data:image\/svg+xml;base64,PHN2ZyB3aWR0aD0iMSIgaGVpZ2h0PSIxIiB4bWxucz0iaHR0cDovL3d3dy53My5vcmcvMjAwMC9zdmciPjwvc3ZnPg==\" \/><\/a><\/p>\n<p><a class=\"ipsAttachLink ipsAttachLink_image\" href=\"http:\/\/forum.klub-malawi.pl\/uploads\/monthly_2020_05\/IMG_20190830_132055.jpg.90588a921aa834491b5fa48d9884f5b6.jpg\" rel=\"\" data-fileext=\"jpg\" data-fileid=\"49968\" data-ipslightbox=\"\" data-ipslightbox-group=\"g94795\"><img decoding=\"async\" class=\"ipsImage ipsImage_thumbnailed lazyload\" data-src=\"http:\/\/forum.klub-malawi.pl\/uploads\/monthly_2020_05\/IMG_20190830_132055.thumb.jpg.38868a8ec9ef50efe6ab7c387d09a74c.jpg\" alt=\"IMG_20190830_132055.thumb.jpg.38868a8ec9ef50efe6ab7c387d09a74c.jpg\" width=\"422\" data-fileid=\"49968\" data-ratio=\"177.73\" src=\"data:image\/svg+xml;base64,PHN2ZyB3aWR0aD0iMSIgaGVpZ2h0PSIxIiB4bWxucz0iaHR0cDovL3d3dy53My5vcmcvMjAwMC9zdmciPjwvc3ZnPg==\" \/><\/a><\/p>\n<p>&nbsp;<\/p>\n<p>Aquaponika<\/p>\n<p><a class=\"ipsAttachLink ipsAttachLink_image\" href=\"http:\/\/forum.klub-malawi.pl\/uploads\/monthly_2020_05\/IMG_20200414_162545.jpg.11483c9bd271d9a3552d4a97af02a453.jpg\" rel=\"\" data-fileext=\"jpg\" data-fileid=\"49971\" data-ipslightbox=\"\" data-ipslightbox-group=\"g94795\"><img decoding=\"async\" class=\"ipsImage ipsImage_thumbnailed lazyload\" data-src=\"http:\/\/forum.klub-malawi.pl\/uploads\/monthly_2020_05\/IMG_20200414_162545.thumb.jpg.f84392ea640af0f3a4eeb6dca697c672.jpg\" alt=\"IMG_20200414_162545.thumb.jpg.f84392ea640af0f3a4eeb6dca697c672.jpg\" width=\"422\" data-fileid=\"49971\" data-ratio=\"177.73\" src=\"data:image\/svg+xml;base64,PHN2ZyB3aWR0aD0iMSIgaGVpZ2h0PSIxIiB4bWxucz0iaHR0cDovL3d3dy53My5vcmcvMjAwMC9zdmciPjwvc3ZnPg==\" \/><\/a><\/p>\n<p><a class=\"ipsAttachLink ipsAttachLink_image\" href=\"http:\/\/forum.klub-malawi.pl\/uploads\/monthly_2020_05\/IMG_20200414_162522.jpg.69cb4ed4802a7b719f75a2743403b677.jpg\" rel=\"\" data-fileext=\"jpg\" data-fileid=\"49972\" data-ipslightbox=\"\" data-ipslightbox-group=\"g94795\"><img decoding=\"async\" class=\"ipsImage ipsImage_thumbnailed lazyload\" data-src=\"http:\/\/forum.klub-malawi.pl\/uploads\/monthly_2020_05\/IMG_20200414_162522.thumb.jpg.ff82a9a1eb7c7f370146891255c05ccf.jpg\" alt=\"IMG_20200414_162522.thumb.jpg.ff82a9a1eb7c7f370146891255c05ccf.jpg\" width=\"422\" data-fileid=\"49972\" data-ratio=\"177.73\" src=\"data:image\/svg+xml;base64,PHN2ZyB3aWR0aD0iMSIgaGVpZ2h0PSIxIiB4bWxucz0iaHR0cDovL3d3dy53My5vcmcvMjAwMC9zdmciPjwvc3ZnPg==\" \/><\/a><\/p>\n<p>&nbsp;<\/p>\n<p>G\u0105bki za t\u0142em strukturalnym<\/p>\n<p><a class=\"ipsAttachLink ipsAttachLink_image\" href=\"http:\/\/forum.klub-malawi.pl\/uploads\/monthly_2020_05\/IMG-20200503-WA0001.jpg.995b7619d9516365a8dc0364d04edb4e.jpg\" rel=\"\" data-fileext=\"jpg\" data-fileid=\"49974\" data-ipslightbox=\"\" data-ipslightbox-group=\"g94795\"><img decoding=\"async\" class=\"ipsImage ipsImage_thumbnailed lazyload\" data-src=\"http:\/\/forum.klub-malawi.pl\/uploads\/monthly_2020_05\/IMG-20200503-WA0001.thumb.jpg.d137aeee9137158f4a4c65398a0f3a97.jpg\" alt=\"IMG-20200503-WA0001.thumb.jpg.d137aeee9137158f4a4c65398a0f3a97.jpg\" width=\"1000\" data-fileid=\"49974\" data-ratio=\"47.30\" src=\"data:image\/svg+xml;base64,PHN2ZyB3aWR0aD0iMSIgaGVpZ2h0PSIxIiB4bWxucz0iaHR0cDovL3d3dy53My5vcmcvMjAwMC9zdmciPjwvc3ZnPg==\" \/><\/a><\/p>\n<p>Efekt filtracji widoczny ju\u017c po kilku tygodniach funkcjonowania akwarium z obsad\u0105.<\/p>\n<p><a class=\"ipsAttachLink ipsAttachLink_image\" href=\"http:\/\/forum.klub-malawi.pl\/uploads\/monthly_2020_05\/IMG_20190921_210658__01.jpg.699065ba2297fee44187a93ccd43c82d.jpg\" rel=\"\" data-fileext=\"jpg\" data-fileid=\"49975\" data-ipslightbox=\"\" data-ipslightbox-group=\"g94795\"><img decoding=\"async\" class=\"ipsImage ipsImage_thumbnailed lazyload\" data-src=\"http:\/\/forum.klub-malawi.pl\/uploads\/monthly_2020_05\/IMG_20190921_210658__01.thumb.jpg.dc924068fab6117dbffb99422fc7ce04.jpg\" alt=\"IMG_20190921_210658__01.thumb.jpg.dc924068fab6117dbffb99422fc7ce04.jpg\" width=\"1000\" data-fileid=\"49975\" data-ratio=\"56.30\" src=\"data:image\/svg+xml;base64,PHN2ZyB3aWR0aD0iMSIgaGVpZ2h0PSIxIiB4bWxucz0iaHR0cDovL3d3dy53My5vcmcvMjAwMC9zdmciPjwvc3ZnPg==\" \/><\/a><\/p>\n<p>&nbsp;<\/p>\n<p>Poni\u017cej link do strony, z kt\u00f3rej znalez\u0142em informacje oraz strona Back To Nature na kt\u00f3rej jest wszystko o instalacji tych filtr\u00f3w.<\/p>\n<p><a href=\"http:\/\/www.swisstropicals.com\/library\/mattenfilter\/\" target=\"_blank\" rel=\"external nofollow noopener noreferrer\">http:\/\/www.swisstropicals.com\/library\/mattenfilter\/<\/a><\/p>\n<p><a href=\"https:\/\/backtonature.se\/en\/tips-and-tricks\/\" target=\"_blank\" rel=\"external nofollow noopener noreferrer\">https:\/\/backtonature.se\/en\/tips-and-tricks\/<\/a><\/p>\n","protected":false},"excerpt":{"rendered":"<p>Ten rodzaj filtracji wywodzi si\u0119 ze Szwecji\u00a0a idea i zasada dzia\u0142ania jest podobna do filtr\u00f3w HMF (Hamburg Mattenfilter), zapocz\u0105tkowanych w latach 60-tych ubieg\u0142ego stulecia w Niemczech. Filtracja ta oparta jest na poliuretanowych g\u0105bkach, kt\u00f3re posiadaj\u0105 bardzo du\u017c\u0105 powierzchni\u0119 filtracyjn\u0105 dzi\u0119ki swojej budowie i s\u0105 doskona\u0142ym siedliskiem biofilmu. Tak wi\u0119c zadaniem g\u0105bki w tych filtrach nie [&hellip;]<\/p>\n","protected":false},"author":1,"featured_media":0,"parent":146,"menu_order":0,"comment_status":"closed","ping_status":"closed","template":"","meta":{"footnotes":""},"class_list":["post-1620","page","type-page","status-publish","hentry"],"_links":{"self":[{"href":"https:\/\/www.klub-malawi.pl\/index.php?rest_route=\/wp\/v2\/pages\/1620","targetHints":{"allow":["GET"]}}],"collection":[{"href":"https:\/\/www.klub-malawi.pl\/index.php?rest_route=\/wp\/v2\/pages"}],"about":[{"href":"https:\/\/www.klub-malawi.pl\/index.php?rest_route=\/wp\/v2\/types\/page"}],"author":[{"embeddable":true,"href":"https:\/\/www.klub-malawi.pl\/index.php?rest_route=\/wp\/v2\/users\/1"}],"replies":[{"embeddable":true,"href":"https:\/\/www.klub-malawi.pl\/index.php?rest_route=%2Fwp%2Fv2%2Fcomments&post=1620"}],"version-history":[{"count":1,"href":"https:\/\/www.klub-malawi.pl\/index.php?rest_route=\/wp\/v2\/pages\/1620\/revisions"}],"predecessor-version":[{"id":1621,"href":"https:\/\/www.klub-malawi.pl\/index.php?rest_route=\/wp\/v2\/pages\/1620\/revisions\/1621"}],"up":[{"embeddable":true,"href":"https:\/\/www.klub-malawi.pl\/index.php?rest_route=\/wp\/v2\/pages\/146"}],"wp:attachment":[{"href":"https:\/\/www.klub-malawi.pl\/index.php?rest_route=%2Fwp%2Fv2%2Fmedia&parent=1620"}],"curies":[{"name":"wp","href":"https:\/\/api.w.org\/{rel}","templated":true}]}}