{"id":1580,"date":"2020-04-03T09:06:59","date_gmt":"2020-04-03T07:06:59","guid":{"rendered":"http:\/\/www.klub-malawi.pl\/?page_id=1580"},"modified":"2020-04-03T09:06:59","modified_gmt":"2020-04-03T07:06:59","slug":"cynotilapia-aurifrons-chilumba","status":"publish","type":"page","link":"https:\/\/www.klub-malawi.pl\/?page_id=1580","title":{"rendered":"Cynotilapia aurifrons &#8222;Chilumba&#8221;"},"content":{"rendered":"<p>NAZEWNICTWO<\/p>\n<p>Naukowa nazwa rodzaju Cynotilapia (Regan 1922), oznacza &#8222;dog-tilapia&#8221; i odnosi si\u0119 do sto\u017ckowych, psich z\u0119b\u00f3w znajduj\u0105cych si\u0119 w zewn\u0119trznej szcz\u0119ce. Aurifrons z \u0142aci\u0144skiego auri= z\u0142oty oraz frons= brew, czo\u0142o i odnosi si\u0119 do charakterystycznego pasa na grzbiecie. Wcze\u015bniej spotykana pod nazw\u0105 'mbamba&#8217; (Ribbink 1983). W handlu mo\u017cna j\u0105 znale\u017a\u0107 r\u00f3wnie\u017c jako Cynotilapia aurifrons Luwino Reef, lub Mphanga Rocks.<\/p>\n<p>OG\u00d3LNA CHARAKTERYSTYKA I WYST\u0118POWANIE<\/p>\n<p>Cynotilapie cz\u0119sto spotykane s\u0105 w g\u0142\u0119bszych rejonach stref skalistych, wolnych od osadu. Samce s\u0105 terytorialne i broni\u0105 niewielkich jaski\u0144, w kt\u00f3rych dochodzi do tar\u0142a. Tytu\u0142owy aurifrons cz\u0119sto spotykany jest z Cynotilapi\u0105 zebroides oraz afr\u0105, jednak aurifrons i afra preferuj\u0105 raczej strefy skaliste, bogate w osad, w kt\u00f3rych wyst\u0119puj\u0105 po s\u0105siedzku. Cynotilapie aurifrons znale\u017a\u0107 mo\u017cna na p\u00f3\u0142nocno-zachodnim wybrze\u017cu od Mundola po Ngar\u0119 oraz w Tanzanii pomi\u0119dzy Lundu i Lupingu.<\/p>\n<p>DYMORFIZM P\u0141CIOWY<\/p>\n<p>Podstawowym kolorem samc\u00f3w jest aksamitna czer\u0144, kt\u00f3ra zmienia si\u0119 w zale\u017cno\u015bci od nastroju w pionowe pasy, widoczne bardziej w przedniej cz\u0119\u015bci tu\u0142owia. Wtedy te\u017c ujawnia si\u0119 mi\u0119dzy nimi b\u0142\u0119kitny kolor. Od oczu ryb\u0119 zdobi \u017c\u00f3\u0142ty pas, biegn\u0105cy wzd\u0142u\u017c p\u0142etwy grzbietowej. P\u0142etwa grzbietowa, odbytowa oraz p\u0142etwy brzuszne nieznacznie bardziej zaostrzone. Na p\u0142etwie odbytowej widoczne atrapy jajowe. P\u0142etwa ogonowa obrze\u017cona \u017c\u00f3\u0142to z b\u0142\u0119kitnymi promieniami. Reszta p\u0142etw delikatnie obrze\u017cona w kolorze bia\u0142ym.<\/p>\n<p>Podstawowym kolorem samic jest szaro-br\u0105zowy. Czasami mo\u017cna zauwa\u017cy\u0107 \u017c\u00f3\u0142ty pas na grzbiecie i delikatne pr\u0119gowanie.<\/p>\n<p>DIETA<\/p>\n<p>Rodzaj ten wyspecjalizowa\u0142 si\u0119 w wy\u0142apywaniu planktonu z toni wodnej. G\u0142\u00f3wnie s\u0105 to dryfuj\u0105ce okrzemki oraz zooplankton. O \u015bwicie samice i nieterytorialne samce tworz\u0105 du\u017ce grupy w otwartych wodach, gdzie \u017ceruj\u0105 ca\u0142y dzie\u0144. Po zapadni\u0119ciu zmierzchu, gdy plankton migruje na p\u0142ytsze wody Cynotilapie znajduj\u0105 schronienie w\u015br\u00f3d ska\u0142. Terytorialne samce dodatkowo skubi\u0105 petyfiton porastaj\u0105cy ska\u0142y technik\u0105 podobn\u0105 do rodzaju Pseudotropheus.<\/p>\n<p>Reasumuj\u0105c jest to ryba wszystko\u017cerna. Diet\u0119 moich Cynotilapii stanowi\u0105 karmy w przewadze ro\u015blinnej.<\/p>\n<p>ZACHOWANIE W AKWARIUM<\/p>\n<p>Jest to rodzaj \u015bci\u015ble terytorialny i w\u0142asne terytorium odgrywa w \u017cyciu samc\u00f3w bardzo wa\u017cn\u0105 rol\u0119. Dzi\u0119ki temu mo\u017cemy ogl\u0105da\u0107 nasze ryby w pe\u0142ni barw. Nale\u017cy o tym pami\u0119ta\u0107 w doborze obsady, cho\u0107 Cynotilapia pomimo swoich niewielkich rozmiar\u00f3w potrafi zawalczy\u0107 o swoje.<\/p>\n<p>WIELKO\u015a\u0106 ZBIORNIKA<\/p>\n<p>Jest to bardzo dobry wyb\u00f3r dla mniejszych zbiornik\u00f3w. W akwarium 220l (100x50x45), z powodzeniem hoduj\u0119 harem z jednym samcem.<\/p>\n<p>W\u0141ASNE SPOSTRZE\u017bENIA I PODSUMOWANIE<\/p>\n<p>Samiec sp\u0119dza wi\u0119kszo\u015b\u0107 czasu na swoim terytorium, mimo \u017ce jest ryb\u0105 dominuj\u0105c\u0105 w moim akwarium. Je\u015bli ju\u017c odp\u0142ynie dalej, to zauwa\u017cy\u0107 mo\u017cna, \u017ce traci on pewno\u015b\u0107 siebie i ubarwienie przygasa. Samice nie s\u0105 n\u0119kane z tego powodu i maj\u0105 dla siebie woln\u0105 przestrze\u0144, w kt\u00f3rej mog\u0105 troch\u0119 odpocz\u0105\u0107 od zalot\u00f3w samca. Z tych w\u0142a\u015bnie wzgl\u0119d\u00f3w jest bezproblemowy zar\u00f3wno wewn\u0105trz, jak i zewn\u0105trz gatunkowo. Samice Cynotilapii u wi\u0119kszo\u015bci gatunk\u00f3w nie s\u0105 zbyt atrakcyjne, jednak samiec jest w stanie wynagrodzi\u0107 to nam podw\u00f3jnie swoimi jaskrawymi kolorami. W przypadku Cynotilapii aurifrons to bi\u017cuteria na czarnym aksamicie.<\/p>\n<p><a class=\"ipsAttachLink ipsAttachLink_image\" href=\"http:\/\/forum.klub-malawi.pl\/uploads\/monthly_2020_03\/2020-03-16-09-19-21.jpg.515c041c2f3de5090527ad079961fc40.jpg\" rel=\"\" data-fileext=\"jpg\" data-fileid=\"48748\" data-ipslightbox=\"\" data-ipslightbox-group=\"g26317\"><img decoding=\"async\" class=\"ipsImage ipsImage_thumbnailed lazyload\" data-src=\"http:\/\/forum.klub-malawi.pl\/uploads\/monthly_2020_03\/2020-03-16-09-19-21.thumb.jpg.1ee52df0c014b4dcf2912ddeb2d2652c.jpg\" alt=\"2020-03-16-09-19-21.jpg\" width=\"1000\" data-fileid=\"48748\" data-ratio=\"56,3\" src=\"data:image\/svg+xml;base64,PHN2ZyB3aWR0aD0iMSIgaGVpZ2h0PSIxIiB4bWxucz0iaHR0cDovL3d3dy53My5vcmcvMjAwMC9zdmciPjwvc3ZnPg==\" \/><\/a><\/p>\n<p><a class=\"ipsAttachLink ipsAttachLink_image\" href=\"http:\/\/forum.klub-malawi.pl\/uploads\/monthly_2020_03\/20200315213416_IMG_8754__01.jpg.b3496f748b1ae327177bc9c083e97901.jpg\" rel=\"\" data-fileext=\"jpg\" data-fileid=\"48749\" data-ipslightbox=\"\" data-ipslightbox-group=\"g26317\"><img decoding=\"async\" class=\"ipsImage ipsImage_thumbnailed lazyload\" data-src=\"http:\/\/forum.klub-malawi.pl\/uploads\/monthly_2020_03\/20200315213416_IMG_8754__01.thumb.jpg.86eb9a6a0fba31040c0061efaa631e15.jpg\" alt=\"20200315213416_IMG_8754__01.jpg\" width=\"1000\" data-fileid=\"48749\" data-ratio=\"66,7\" src=\"data:image\/svg+xml;base64,PHN2ZyB3aWR0aD0iMSIgaGVpZ2h0PSIxIiB4bWxucz0iaHR0cDovL3d3dy53My5vcmcvMjAwMC9zdmciPjwvc3ZnPg==\" \/><\/a><\/p>\n<p><a class=\"ipsAttachLink ipsAttachLink_image\" href=\"http:\/\/forum.klub-malawi.pl\/uploads\/monthly_2020_03\/20191115135830_IMG_1935__01.jpg.73079debd8507535485531f97b752fde.jpg\" rel=\"\" data-fileext=\"jpg\" data-fileid=\"48750\" data-ipslightbox=\"\" data-ipslightbox-group=\"g26317\"><img decoding=\"async\" class=\"ipsImage ipsImage_thumbnailed lazyload\" data-src=\"http:\/\/forum.klub-malawi.pl\/uploads\/monthly_2020_03\/20191115135830_IMG_1935__01.thumb.jpg.397e30db24143cb536a9dc78b055b0f8.jpg\" alt=\"20191115135830_IMG_1935__01.jpg\" width=\"1000\" data-fileid=\"48750\" data-ratio=\"66,7\" src=\"data:image\/svg+xml;base64,PHN2ZyB3aWR0aD0iMSIgaGVpZ2h0PSIxIiB4bWxucz0iaHR0cDovL3d3dy53My5vcmcvMjAwMC9zdmciPjwvc3ZnPg==\" \/><\/a><\/p>\n<p><a class=\"ipsAttachLink ipsAttachLink_image\" href=\"http:\/\/forum.klub-malawi.pl\/uploads\/monthly_2020_03\/20200315213423_IMG_8759.JPG.73d0bca010ccbf4d548df848fd23bdc5.JPG\" rel=\"\" data-fileext=\"JPG\" data-fileid=\"48751\" data-ipslightbox=\"\" data-ipslightbox-group=\"g26317\"><img decoding=\"async\" class=\"ipsImage ipsImage_thumbnailed lazyload\" data-src=\"http:\/\/forum.klub-malawi.pl\/uploads\/monthly_2020_03\/20200315213423_IMG_8759.thumb.JPG.c85d017db43ad129b5ffb5bfe3febcda.JPG\" alt=\"20200315213423_IMG_8759.JPG\" width=\"1000\" data-fileid=\"48751\" data-ratio=\"66,7\" src=\"data:image\/svg+xml;base64,PHN2ZyB3aWR0aD0iMSIgaGVpZ2h0PSIxIiB4bWxucz0iaHR0cDovL3d3dy53My5vcmcvMjAwMC9zdmciPjwvc3ZnPg==\" \/><\/a><\/p>\n<p><a class=\"ipsAttachLink ipsAttachLink_image\" href=\"http:\/\/forum.klub-malawi.pl\/uploads\/monthly_2020_03\/20200315212936_IMG_8741.JPG.8f6b2dec81784465a228a32c21211e62.JPG\" rel=\"\" data-fileext=\"JPG\" data-fileid=\"48752\" data-ipslightbox=\"\" data-ipslightbox-group=\"g26317\"><img decoding=\"async\" class=\"ipsImage ipsImage_thumbnailed lazyload\" data-src=\"http:\/\/forum.klub-malawi.pl\/uploads\/monthly_2020_03\/20200315212936_IMG_8741.thumb.JPG.73e7e20b7a45e75c81dc6b0738990d46.JPG\" alt=\"20200315212936_IMG_8741.JPG\" width=\"1000\" data-fileid=\"48752\" data-ratio=\"66,7\" src=\"data:image\/svg+xml;base64,PHN2ZyB3aWR0aD0iMSIgaGVpZ2h0PSIxIiB4bWxucz0iaHR0cDovL3d3dy53My5vcmcvMjAwMC9zdmciPjwvc3ZnPg==\" \/><\/a><\/p>\n<p><a class=\"ipsAttachLink ipsAttachLink_image\" href=\"http:\/\/forum.klub-malawi.pl\/uploads\/monthly_2020_03\/20191231171251_IMG_2370__01.jpg.c5f3f4f22db7ef68541398a4047cf769.jpg\" rel=\"\" data-fileext=\"jpg\" data-fileid=\"48753\" data-ipslightbox=\"\" data-ipslightbox-group=\"g26317\"><img decoding=\"async\" class=\"ipsImage ipsImage_thumbnailed lazyload\" data-src=\"http:\/\/forum.klub-malawi.pl\/uploads\/monthly_2020_03\/20191231171251_IMG_2370__01.thumb.jpg.726c3c18b49c29dd81fa94cd00e6d423.jpg\" alt=\"20191231171251_IMG_2370__01.jpg\" width=\"1000\" data-fileid=\"48753\" data-ratio=\"66,7\" src=\"data:image\/svg+xml;base64,PHN2ZyB3aWR0aD0iMSIgaGVpZ2h0PSIxIiB4bWxucz0iaHR0cDovL3d3dy53My5vcmcvMjAwMC9zdmciPjwvc3ZnPg==\" \/><\/a><\/p>\n<p>Zdj\u0119cia: Przemys\u0142aw Herman<\/p>\n<p>&nbsp;<\/p>\n<p>\u0179r\u00f3d\u0142a:<\/p>\n<p>-Malawi Cichlids in their natural habitat 5th edition, Cichlid Press<\/p>\n<p>-www.onzemalawicichliden.eu<\/p>\n","protected":false},"excerpt":{"rendered":"<p>NAZEWNICTWO Naukowa nazwa rodzaju Cynotilapia (Regan 1922), oznacza &#8222;dog-tilapia&#8221; i odnosi si\u0119 do sto\u017ckowych, psich z\u0119b\u00f3w znajduj\u0105cych si\u0119 w zewn\u0119trznej szcz\u0119ce. Aurifrons z \u0142aci\u0144skiego auri= z\u0142oty oraz frons= brew, czo\u0142o i odnosi si\u0119 do charakterystycznego pasa na grzbiecie. Wcze\u015bniej spotykana pod nazw\u0105 'mbamba&#8217; (Ribbink 1983). W handlu mo\u017cna j\u0105 znale\u017a\u0107 r\u00f3wnie\u017c jako Cynotilapia aurifrons Luwino [&hellip;]<\/p>\n","protected":false},"author":1,"featured_media":0,"parent":1168,"menu_order":0,"comment_status":"closed","ping_status":"closed","template":"","meta":{"footnotes":""},"class_list":["post-1580","page","type-page","status-publish","hentry"],"_links":{"self":[{"href":"https:\/\/www.klub-malawi.pl\/index.php?rest_route=\/wp\/v2\/pages\/1580","targetHints":{"allow":["GET"]}}],"collection":[{"href":"https:\/\/www.klub-malawi.pl\/index.php?rest_route=\/wp\/v2\/pages"}],"about":[{"href":"https:\/\/www.klub-malawi.pl\/index.php?rest_route=\/wp\/v2\/types\/page"}],"author":[{"embeddable":true,"href":"https:\/\/www.klub-malawi.pl\/index.php?rest_route=\/wp\/v2\/users\/1"}],"replies":[{"embeddable":true,"href":"https:\/\/www.klub-malawi.pl\/index.php?rest_route=%2Fwp%2Fv2%2Fcomments&post=1580"}],"version-history":[{"count":1,"href":"https:\/\/www.klub-malawi.pl\/index.php?rest_route=\/wp\/v2\/pages\/1580\/revisions"}],"predecessor-version":[{"id":1581,"href":"https:\/\/www.klub-malawi.pl\/index.php?rest_route=\/wp\/v2\/pages\/1580\/revisions\/1581"}],"up":[{"embeddable":true,"href":"https:\/\/www.klub-malawi.pl\/index.php?rest_route=\/wp\/v2\/pages\/1168"}],"wp:attachment":[{"href":"https:\/\/www.klub-malawi.pl\/index.php?rest_route=%2Fwp%2Fv2%2Fmedia&parent=1580"}],"curies":[{"name":"wp","href":"https:\/\/api.w.org\/{rel}","templated":true}]}}