{"id":1317,"date":"2019-05-02T18:17:58","date_gmt":"2019-05-02T16:17:58","guid":{"rendered":"http:\/\/www.klub-malawi.pl\/?page_id=1317"},"modified":"2019-06-26T16:26:47","modified_gmt":"2019-06-26T14:26:47","slug":"wydajna-filtracja-mechaniczna-narurowa","status":"publish","type":"page","link":"https:\/\/www.klub-malawi.pl\/?page_id=1317","title":{"rendered":"Wydajna filtracja mechaniczna z wykorzystaniem korpusu narurowego"},"content":{"rendered":"<p><span style=\"color: #ffffff;\">Jednym z cz\u0119\u015bciej zadawanych pyta\u0144 przez pocz\u0105tkuj\u0105cych akwaryst\u00f3w\/malawist\u00f3w jest pytanie odno\u015bnie filtracji mechanicznej. I tu stajemy przed du\u017cym dylematem, poniewa\u017c rozwi\u0105za\u0144 i pomys\u0142\u00f3w jest wiele. W niniejszym artykule chcia\u0142bym przedstawi\u0107 swoje rozwi\u0105zanie, oparte na korpusie narurowym i pompie obiegowej.<\/span><br \/>\n<span style=\"color: #ffffff;\">Nie jest tajemnic\u0105, \u017ce nasi podopieczni (pyszczaki) to kolokwialnie m\u00f3wi\u0105c brudasy w zwi\u0105zku z czym musimy zadba\u0107 o bardzo wydajn\u0105 i prost\u0105 w obs\u0142udze filtracj\u0119 mechaniczn\u0105, kt\u00f3ra szybko usunie nam z toni wodnej i dna rybie odchody i resztki pokarmu.<\/span><br \/>\n<span style=\"color: #ffffff;\">Poniewa\u017c jestem zwolennikiem jak najmniejszej ilo\u015bci sprz\u0119tu w akwarium, postanowi\u0142em wyprowadzi\u0107 wspomnian\u0105 filtracj\u0119 do szafki pod akwarium, tak jak to robimy w przypadku filtr\u00f3w kanistrowych, popularnie zwanych kube\u0142kami.<\/span><br \/>\n<span style=\"color: #ffffff;\">Co b\u0119dziemy potrzebowa\u0107?<\/span><br \/>\n<span style=\"color: #ffffff;\">1. Najwa\u017cniejszym i niestety najdro\u017cszym elementem naszego uk\u0142adu jest pompa. I tu idealnie nadaj\u0105 si\u0119 pompy obiegowe cz\u0119sto stosowane w akwarystyce morskiej w sumpach. Mog\u0105 pracowa\u0107 w zanurzeniu jak r\u00f3wnie\u017c poza zbiornikiem. Przed zakupem nale\u017cy upewni\u0107 si\u0119 czy pompa jest przystosowana do pracy poza akwarium. Wa\u017cne jest aby pompa mia\u0142a wydajno\u015b\u0107 nie mniejsz\u0105 ni\u017c 3000L\/h i posiada\u0142a kontroler do regulacji wydajno\u015bci. M\u00f3j wyb\u00f3r pad\u0142, g\u0142\u00f3wnie ze wzgl\u0119d\u00f3w finansowych, na pomp\u0119 Aqua Nova N-RMC 4000 z kontrolerem o wydajno\u015bci 4000L\/h.<\/span><\/p>\n<p><span style=\"color: #ffffff;\"><a style=\"color: #ffffff;\" title=\"Powi\u0119ksz grafik\u0119\" href=\"http:\/\/forum.klub-malawi.pl\/uploads\/monthly_2019_05\/Pompa-zoo-aquos.jpg.3636d3fea63673c8e2e4f16fc04a6ae8.jpg\" data-ipslightbox=\"\" data-ipslightbox-group=\"undefined\"><img decoding=\"async\" class=\"ipsImage ipsImage_thumbnailed lazyload\" data-src=\"http:\/\/forum.klub-malawi.pl\/uploads\/monthly_2019_05\/Pompa-zoo-aquos.jpg.3636d3fea63673c8e2e4f16fc04a6ae8.jpg\" alt=\"Pompa-zoo-aquos.jpg.3636d3fea63673c8e2e4f16fc04a6ae8.jpg\" width=\"422\" height=\"343\" data-fileid=\"44164\" data-ratio=\"81.20\" src=\"data:image\/svg+xml;base64,PHN2ZyB3aWR0aD0iMSIgaGVpZ2h0PSIxIiB4bWxucz0iaHR0cDovL3d3dy53My5vcmcvMjAwMC9zdmciPjwvc3ZnPg==\" style=\"--smush-placeholder-width: 422px; --smush-placeholder-aspect-ratio: 422\/343;\" \/><\/a><\/span><\/p>\n<p><span style=\"color: #ffffff;\"><u><em>\u017ar\u00f3d\u0142o: <a style=\"color: #ffffff;\" href=\"http:\/\/zoo-aquos.pl\" target=\"_blank\" rel=\"external nofollow noopener noreferrer\">http:\/\/zoo-aquos.pl<\/a><\/em><\/u><\/span><\/p>\n<p><span style=\"color: #ffffff;\"><a style=\"color: #ffffff;\" href=\"https:\/\/zoo-aquos.pl\/pl\/p\/Aqua-Nova-N-RMC-4000-Jebao-DC-4000-pompa-obiegowa\/4373\" target=\"_blank\" rel=\"external nofollow noopener noreferrer\">https:\/\/zoo-aquos.pl\/pl\/p\/Aqua-Nova-N-RMC-4000-Jebao-DC-4000-pompa-obiegowa\/4373<\/a><\/span><\/p>\n<p><span style=\"color: #ffffff;\">2. Kolejnym elementem uk\u0142adu jest korpus narurowy 10&#8243;. Nie ma znaczenia jakiej marki, wa\u017cne aby posiada\u0142 gwinty 3\/4 cala. Warto wybra\u0107 ten z odpowietrznikiem na spr\u0119\u017cynce, co bardzo u\u0142atwi odpowietrzanie.<\/span><\/p>\n<p><span style=\"color: #ffffff;\"><a class=\"ipsAttachLink ipsAttachLink_image\" style=\"color: #ffffff;\" href=\"http:\/\/forum.klub-malawi.pl\/uploads\/monthly_2019_05\/90133531_Korpusinstalpiast.jpg.d6199c535263006d802e517b6b438b4d.jpg\" rel=\"\" data-fileext=\"jpg\" data-fileid=\"44165\" data-ipslightbox=\"\" data-ipslightbox-group=\"g65171\"><img decoding=\"async\" class=\"ipsImage ipsImage_thumbnailed lazyload\" data-src=\"http:\/\/forum.klub-malawi.pl\/uploads\/monthly_2019_05\/1592312060_Korpusinstalpiast.thumb.jpg.981a758d11555eec554c1a1a09d72aee.jpg\" alt=\"1592312060_Korpusinstalpiast.thumb.jpg.981a758d11555eec554c1a1a09d72aee.jpg\" width=\"266\" height=\"484\" data-fileid=\"44165\" data-ratio=\"182.04\" src=\"data:image\/svg+xml;base64,PHN2ZyB3aWR0aD0iMSIgaGVpZ2h0PSIxIiB4bWxucz0iaHR0cDovL3d3dy53My5vcmcvMjAwMC9zdmciPjwvc3ZnPg==\" style=\"--smush-placeholder-width: 266px; --smush-placeholder-aspect-ratio: 266\/484;\" \/><\/a><\/span><\/p>\n<p><span style=\"color: #ffffff;\"><u><em>\u017ar\u00f3d\u0142o: <a style=\"color: #ffffff;\" href=\"http:\/\/instalpiast.pl\" target=\"_blank\" rel=\"external nofollow noopener noreferrer\">http:\/\/instalpiast.pl<\/a><\/em><\/u><\/span><\/p>\n<p><span style=\"color: #ffffff;\"><a style=\"color: #ffffff;\" href=\"https:\/\/allegro.pl\/oferta\/filtr-do-wody-korpus-narurowy-do-zimnej-wody-3-4-6931583457?utm_source=facebook&amp;utm_medium=app_share&amp;utm_campaign=AndroidShowitemShare\" target=\"_blank\" rel=\"external nofollow noopener noreferrer\">https:\/\/allegro.pl\/oferta\/filtr-do-wody-korpus-narurowy-do-zimnej-wody-3-4-6931583457?utm_source=facebook&amp;utm_medium=app_share&amp;utm_campaign=AndroidShowitemShare<\/a><\/span><\/p>\n<p><span style=\"color: #ffffff;\">3. Zawory pe\u0142noprzelotowe 3\/4&#8243; GZ\/GW (2szt)<\/span><\/p>\n<p><span style=\"color: #ffffff;\"><a style=\"color: #ffffff;\" title=\"Powi\u0119ksz grafik\u0119\" href=\"http:\/\/forum.klub-malawi.pl\/uploads\/monthly_2019_05\/1319325855_Zaworallegro.jpg.abe0e1e078add4b6301348ca4f07a240.jpg\" data-ipslightbox=\"\" data-ipslightbox-group=\"undefined\"><img decoding=\"async\" class=\"ipsImage ipsImage_thumbnailed lazyload\" data-src=\"http:\/\/forum.klub-malawi.pl\/uploads\/monthly_2019_05\/1319325855_Zaworallegro.jpg.abe0e1e078add4b6301348ca4f07a240.jpg\" alt=\"1319325855_Zaworallegro.jpg.abe0e1e078add4b6301348ca4f07a240.jpg\" width=\"269\" height=\"235\" data-fileid=\"44166\" data-ratio=\"87.42\" src=\"data:image\/svg+xml;base64,PHN2ZyB3aWR0aD0iMSIgaGVpZ2h0PSIxIiB4bWxucz0iaHR0cDovL3d3dy53My5vcmcvMjAwMC9zdmciPjwvc3ZnPg==\" style=\"--smush-placeholder-width: 269px; --smush-placeholder-aspect-ratio: 269\/235;\" \/><\/a><\/span><\/p>\n<p><span style=\"color: #ffffff;\"><u><em>\u017ar\u00f3d\u0142o: <a style=\"color: #ffffff;\" href=\"http:\/\/allegro.pl\" target=\"_blank\" rel=\"external nofollow noopener noreferrer\">http:\/\/allegro.pl<\/a><\/em><\/u><\/span><\/p>\n<p><span style=\"color: #ffffff;\">4. Nypel redukcyjny, mosi\u0119\u017cny 1&#215;3\/4 cala (2szt)<\/span><\/p>\n<p><span style=\"color: #ffffff;\"><a style=\"color: #ffffff;\" title=\"Powi\u0119ksz grafik\u0119\" href=\"http:\/\/forum.klub-malawi.pl\/uploads\/monthly_2019_05\/1275138515_Nypelcastorama.jpg.1feaef98efa1742c0fb795407d7bf935.jpg\" data-ipslightbox=\"\" data-ipslightbox-group=\"undefined\"><img decoding=\"async\" class=\"ipsImage ipsImage_thumbnailed lazyload\" data-src=\"http:\/\/forum.klub-malawi.pl\/uploads\/monthly_2019_05\/1275138515_Nypelcastorama.jpg.1feaef98efa1742c0fb795407d7bf935.jpg\" alt=\"1275138515_Nypelcastorama.jpg.1feaef98efa1742c0fb795407d7bf935.jpg\" width=\"348\" height=\"348\" data-fileid=\"44167\" data-ratio=\"100.00\" src=\"data:image\/svg+xml;base64,PHN2ZyB3aWR0aD0iMSIgaGVpZ2h0PSIxIiB4bWxucz0iaHR0cDovL3d3dy53My5vcmcvMjAwMC9zdmciPjwvc3ZnPg==\" style=\"--smush-placeholder-width: 348px; --smush-placeholder-aspect-ratio: 348\/348;\" \/><\/a><\/span><\/p>\n<p><span style=\"color: #ffffff;\"><u><em>\u017ar\u00f3d\u0142o: <a style=\"color: #ffffff;\" href=\"http:\/\/castorama.pl\" target=\"_blank\" rel=\"external nofollow noopener noreferrer\">http:\/\/castorama.pl<\/a><\/em><\/u><\/span><\/p>\n<p><span style=\"color: #ffffff;\">5. Kolano pvc 3\/4 cala GZ\/GZ<\/span><\/p>\n<p><a title=\"Powi\u0119ksz grafik\u0119\" href=\"http:\/\/forum.klub-malawi.pl\/uploads\/monthly_2019_06\/kolanopp.jpg.e6b40054a365aa333123531e6ada0707.jpg\" data-ipslightbox=\"\" data-ipslightbox-group=\"undefined\"><img decoding=\"async\" class=\"ipsImage ipsImage_thumbnailed lazyload\" data-src=\"http:\/\/forum.klub-malawi.pl\/uploads\/monthly_2019_06\/kolanopp.jpg.e6b40054a365aa333123531e6ada0707.jpg\" alt=\"kolanopp.jpg.e6b40054a365aa333123531e6ada0707.jpg\" width=\"425\" data-fileid=\"44824\" data-ratio=\"101.65\" src=\"data:image\/svg+xml;base64,PHN2ZyB3aWR0aD0iMSIgaGVpZ2h0PSIxIiB4bWxucz0iaHR0cDovL3d3dy53My5vcmcvMjAwMC9zdmciPjwvc3ZnPg==\" \/><\/a><\/p>\n<p><span style=\"color: #ffffff;\"><u><em>\u017ar\u00f3d\u0142o: <a style=\"color: #ffffff;\" href=\"http:\/\/dofi.eu\" target=\"_blank\" rel=\"external nofollow noopener noreferrer\">http:\/\/dofi.eu<\/a><\/em><\/u><\/span><\/p>\n<p><span style=\"color: #ffffff;\">6. Tr\u00f3jnik pvc 3\/4 cala GW\/GW\/GW<\/span><\/p>\n<p><span style=\"color: #ffffff;\"><a class=\"ipsAttachLink ipsAttachLink_image\" style=\"color: #ffffff;\" href=\"http:\/\/forum.klub-malawi.pl\/uploads\/monthly_2019_05\/1198873031_Trojnikwszystkodobasenow.jpg.089b049fee8e0dea7349de7dd2f9c093.jpg\" rel=\"\" data-fileext=\"jpg\" data-fileid=\"44169\" data-ipslightbox=\"\" data-ipslightbox-group=\"g65171\"><img decoding=\"async\" class=\"ipsImage ipsImage_thumbnailed lazyload\" data-src=\"http:\/\/forum.klub-malawi.pl\/uploads\/monthly_2019_05\/263622744_Trojnikwszystkodobasenow.thumb.jpg.47697c25ea4f6221ad27fd383711248d.jpg\" alt=\"263622744_Trojnikwszystkodobasenow.thumb.jpg.47697c25ea4f6221ad27fd383711248d.jpg\" width=\"342\" height=\"447\" data-fileid=\"44169\" data-ratio=\"130.66\" src=\"data:image\/svg+xml;base64,PHN2ZyB3aWR0aD0iMSIgaGVpZ2h0PSIxIiB4bWxucz0iaHR0cDovL3d3dy53My5vcmcvMjAwMC9zdmciPjwvc3ZnPg==\" style=\"--smush-placeholder-width: 342px; --smush-placeholder-aspect-ratio: 342\/447;\" \/><\/a><\/span><\/p>\n<p><span style=\"color: #ffffff;\"><u><em>\u017ar\u00f3d\u0142o: <a style=\"color: #ffffff;\" href=\"http:\/\/wszystkodobasenow.pl\" target=\"_blank\" rel=\"external nofollow noopener noreferrer\">http:\/\/wszystkodobasenow.pl<\/a><\/em><\/u><\/span><\/p>\n<p><span style=\"color: #ffffff;\">7. Zaw\u00f3r czerpalny 3\/4 cala z ko\u0144c\u00f3wk\u0105 na w\u0105\u017c<\/span><\/p>\n<p><span style=\"color: #ffffff;\"><a style=\"color: #ffffff;\" title=\"Powi\u0119ksz grafik\u0119\" href=\"http:\/\/forum.klub-malawi.pl\/uploads\/monthly_2019_05\/ZAWOR-CZERPALNY-allegro.jpg.8aade4125b9ee2fa73071bc748e95b18.jpg\" data-ipslightbox=\"\" data-ipslightbox-group=\"undefined\"><img decoding=\"async\" class=\"ipsImage ipsImage_thumbnailed lazyload\" data-src=\"http:\/\/forum.klub-malawi.pl\/uploads\/monthly_2019_05\/ZAWOR-CZERPALNY-allegro.jpg.8aade4125b9ee2fa73071bc748e95b18.jpg\" alt=\"ZAWOR-CZERPALNY-allegro.jpg.8aade4125b9ee2fa73071bc748e95b18.jpg\" width=\"312\" height=\"234\" data-fileid=\"44170\" data-ratio=\"75.00\" src=\"data:image\/svg+xml;base64,PHN2ZyB3aWR0aD0iMSIgaGVpZ2h0PSIxIiB4bWxucz0iaHR0cDovL3d3dy53My5vcmcvMjAwMC9zdmciPjwvc3ZnPg==\" style=\"--smush-placeholder-width: 312px; --smush-placeholder-aspect-ratio: 312\/234;\" \/><\/a><\/span><\/p>\n<p><span style=\"color: #ffffff;\"><u><em>\u017ar\u00f3d\u0142o: <a style=\"color: #ffffff;\" href=\"http:\/\/allegro.pl\" target=\"_blank\" rel=\"external nofollow noopener noreferrer\">http:\/\/allegro.pl<\/a><\/em><\/u><\/span><\/p>\n<p><span style=\"color: #ffffff;\">8. Ko\u0144c\u00f3wki zaworu czerpalnego na w\u0105\u017c 3\/4 cala (2szt)<\/span><\/p>\n<p><span style=\"color: #ffffff;\"><a style=\"color: #ffffff;\" title=\"Powi\u0119ksz grafik\u0119\" href=\"http:\/\/forum.klub-malawi.pl\/uploads\/monthly_2019_05\/Koncowka-batard.jpg.2e0a77771be494af106f163712104231.jpg\" data-ipslightbox=\"\" data-ipslightbox-group=\"undefined\"><img decoding=\"async\" class=\"ipsImage ipsImage_thumbnailed lazyload\" data-src=\"http:\/\/forum.klub-malawi.pl\/uploads\/monthly_2019_05\/Koncowka-batard.jpg.2e0a77771be494af106f163712104231.jpg\" alt=\"Koncowka-batard.jpg.2e0a77771be494af106f163712104231.jpg\" width=\"359\" height=\"259\" data-fileid=\"44171\" data-ratio=\"72.14\" src=\"data:image\/svg+xml;base64,PHN2ZyB3aWR0aD0iMSIgaGVpZ2h0PSIxIiB4bWxucz0iaHR0cDovL3d3dy53My5vcmcvMjAwMC9zdmciPjwvc3ZnPg==\" style=\"--smush-placeholder-width: 359px; --smush-placeholder-aspect-ratio: 359\/259;\" \/><\/a><\/span><\/p>\n<p><span style=\"color: #ffffff;\"><u><em>\u017ar\u00f3d\u0142o: <a style=\"color: #ffffff;\" href=\"http:\/\/batard.pl\" target=\"_blank\" rel=\"external nofollow noopener noreferrer\">http:\/\/batard.pl<\/a><\/em><\/u><\/span><\/p>\n<p><span style=\"color: #ffffff;\"><a style=\"color: #ffffff;\" href=\"https:\/\/batard.pl\/939,koncowka-zaworu-czerpalnego-1-mosiezna.html\" target=\"_blank\" rel=\"external nofollow noopener noreferrer\">https:\/\/batard.pl\/939,koncowka-zaworu-czerpalnego-1-mosiezna.html<\/a><\/span><\/p>\n<p><span style=\"color: #ffffff;\">9. W\u0105\u017c zbrojony 3\/4 cala (d\u0142ugo\u015b\u0107 wed\u0142ug w\u0142asnego projektu)<\/span><\/p>\n<p><span style=\"color: #ffffff;\"><a style=\"color: #ffffff;\" title=\"Powi\u0119ksz grafik\u0119\" href=\"http:\/\/forum.klub-malawi.pl\/uploads\/monthly_2019_05\/145762324_Wazzbrojony.jpg.decdba3d518631d8bb04902af224ecbb.jpg\" data-ipslightbox=\"\" data-ipslightbox-group=\"undefined\"><img decoding=\"async\" class=\"ipsImage ipsImage_thumbnailed lazyload\" data-src=\"http:\/\/forum.klub-malawi.pl\/uploads\/monthly_2019_05\/145762324_Wazzbrojony.jpg.decdba3d518631d8bb04902af224ecbb.jpg\" alt=\"145762324_Wazzbrojony.jpg.decdba3d518631d8bb04902af224ecbb.jpg\" width=\"530\" height=\"372\" data-fileid=\"44172\" data-ratio=\"70.25\" src=\"data:image\/svg+xml;base64,PHN2ZyB3aWR0aD0iMSIgaGVpZ2h0PSIxIiB4bWxucz0iaHR0cDovL3d3dy53My5vcmcvMjAwMC9zdmciPjwvc3ZnPg==\" style=\"--smush-placeholder-width: 530px; --smush-placeholder-aspect-ratio: 530\/372;\" \/><\/a><\/span><\/p>\n<p><span style=\"color: #ffffff;\"><u><em>\u017ar\u00f3d\u0142o: <a style=\"color: #ffffff;\" href=\"http:\/\/jaroslawiak.pl\" target=\"_blank\" rel=\"external nofollow noopener noreferrer\">http:\/\/jaroslawiak.pl<\/a><\/em><\/u><\/span><\/p>\n<p><span style=\"color: #ffffff;\">10. Rurki Zasysaj\u0105ce HW-304A HW-304B<\/span><\/p>\n<p><span style=\"color: #ffffff;\"><a style=\"color: #ffffff;\" title=\"Powi\u0119ksz grafik\u0119\" href=\"http:\/\/forum.klub-malawi.pl\/uploads\/monthly_2019_05\/1720433313_Zasyszoo-aquos.jpg.d2302c357b01caee5170c93cb335bb28.jpg\" data-ipslightbox=\"\" data-ipslightbox-group=\"undefined\"><img decoding=\"async\" class=\"ipsImage ipsImage_thumbnailed lazyload\" data-src=\"http:\/\/forum.klub-malawi.pl\/uploads\/monthly_2019_05\/1720433313_Zasyszoo-aquos.jpg.d2302c357b01caee5170c93cb335bb28.jpg\" alt=\"1720433313_Zasyszoo-aquos.jpg.d2302c357b01caee5170c93cb335bb28.jpg\" width=\"465\" data-fileid=\"44173\" data-ratio=\"107.53\" src=\"data:image\/svg+xml;base64,PHN2ZyB3aWR0aD0iMSIgaGVpZ2h0PSIxIiB4bWxucz0iaHR0cDovL3d3dy53My5vcmcvMjAwMC9zdmciPjwvc3ZnPg==\" \/><\/a><\/span><\/p>\n<p><span style=\"color: #ffffff;\"><u><em>\u017ar\u00f3d\u0142o: <a style=\"color: #ffffff;\" href=\"http:\/\/zoo-aquos.pl\" target=\"_blank\" rel=\"external nofollow noopener noreferrer\">http:\/\/zoo-aquos.pl<\/a><\/em><\/u><\/span><\/p>\n<p><span style=\"color: #ffffff;\"><a style=\"color: #ffffff;\" href=\"https:\/\/zoo-aquos.pl\/pl\/p\/Wlot-Wejscie-Rurki-Zasysajace-Do-Filtra-SunSun-HW-304A-HW-304B-2026mm\/5053\" target=\"_blank\" rel=\"external nofollow noopener noreferrer\">https:\/\/zoo-aquos.pl\/pl\/p\/Wlot-Wejscie-Rurki-Zasysajace-Do-Filtra-SunSun-HW-304A-HW-304B-2026mm\/5053<\/a><\/span><\/p>\n<p><span style=\"color: #ffffff;\">Wylot wody sklei\u0142em sobie z rurek i kszta\u0142tek pvc \u015brednicy 20mm plus ko\u0144c\u00f3wka na w\u0105\u017c 3\/4 cala<\/span><\/p>\n<p><span style=\"color: #ffffff;\"><a class=\"ipsAttachLink ipsAttachLink_image\" style=\"color: #ffffff;\" href=\"http:\/\/forum.klub-malawi.pl\/uploads\/monthly_2019_05\/20180918_155032.jpg.0afb5c9366ff3d0c0d123581261d1695.jpg\" rel=\"\" data-fileext=\"jpg\" data-fileid=\"44174\" data-ipslightbox=\"\" data-ipslightbox-group=\"g65171\"><img decoding=\"async\" class=\"ipsImage ipsImage_thumbnailed lazyload\" data-src=\"http:\/\/forum.klub-malawi.pl\/uploads\/monthly_2019_05\/20180918_155032.thumb.jpg.b95d53e78aff32cb0d819a0e48deb1bc.jpg\" alt=\"20180918_155032.thumb.jpg.b95d53e78aff32cb0d819a0e48deb1bc.jpg\" width=\"1000\" data-fileid=\"44174\" data-ratio=\"75.00\" src=\"data:image\/svg+xml;base64,PHN2ZyB3aWR0aD0iMSIgaGVpZ2h0PSIxIiB4bWxucz0iaHR0cDovL3d3dy53My5vcmcvMjAwMC9zdmciPjwvc3ZnPg==\" \/><\/a><\/span><\/p>\n<p><span style=\"color: #ffffff;\"><u><em>\u017ar\u00f3d\u0142o: w\u0142asne<\/em><\/u><\/span><\/p>\n<p><span style=\"color: #ffffff;\"><a style=\"color: #ffffff;\" title=\"Powi\u0119ksz grafik\u0119\" href=\"http:\/\/forum.klub-malawi.pl\/uploads\/monthly_2019_05\/985086877_Koncowkaallegro.jpg.ca7f6c85d7e565b80068b1e1596b6f64.jpg\" data-ipslightbox=\"\" data-ipslightbox-group=\"undefined\"><img decoding=\"async\" class=\"ipsImage ipsImage_thumbnailed lazyload\" data-src=\"http:\/\/forum.klub-malawi.pl\/uploads\/monthly_2019_05\/985086877_Koncowkaallegro.jpg.ca7f6c85d7e565b80068b1e1596b6f64.jpg\" alt=\"985086877_Koncowkaallegro.jpg.ca7f6c85d7e565b80068b1e1596b6f64.jpg\" width=\"356\" height=\"186\" data-fileid=\"44175\" data-ratio=\"52.31\" src=\"data:image\/svg+xml;base64,PHN2ZyB3aWR0aD0iMSIgaGVpZ2h0PSIxIiB4bWxucz0iaHR0cDovL3d3dy53My5vcmcvMjAwMC9zdmciPjwvc3ZnPg==\" style=\"--smush-placeholder-width: 356px; --smush-placeholder-aspect-ratio: 356\/186;\" \/><\/a><\/span><\/p>\n<p><span style=\"color: #ffffff;\"><u><em>\u017ar\u00f3d\u0142o: <a style=\"color: #ffffff;\" href=\"http:\/\/allegro.pl\" target=\"_blank\" rel=\"external nofollow noopener noreferrer\">http:\/\/allegro.pl<\/a><\/em><\/u><\/span><\/p>\n<p><span style=\"color: #ffffff;\">Ale mo\u017cna te\u017c kupi\u0107 gotowy wylot HW-304A HW-304B<\/span><\/p>\n<p><span style=\"color: #ffffff;\"><a style=\"color: #ffffff;\" title=\"Powi\u0119ksz grafik\u0119\" href=\"http:\/\/forum.klub-malawi.pl\/uploads\/monthly_2019_05\/2073113715_Wylotzoo-aquos.jpg.8cb1cecaacd575bd774dfa4db17e4e18.jpg\" data-ipslightbox=\"\" data-ipslightbox-group=\"undefined\"><img decoding=\"async\" class=\"ipsImage ipsImage_thumbnailed lazyload\" data-src=\"http:\/\/forum.klub-malawi.pl\/uploads\/monthly_2019_05\/2073113715_Wylotzoo-aquos.jpg.8cb1cecaacd575bd774dfa4db17e4e18.jpg\" alt=\"2073113715_Wylotzoo-aquos.jpg.8cb1cecaacd575bd774dfa4db17e4e18.jpg\" width=\"394\" height=\"377\" data-fileid=\"44176\" data-ratio=\"95.60\" src=\"data:image\/svg+xml;base64,PHN2ZyB3aWR0aD0iMSIgaGVpZ2h0PSIxIiB4bWxucz0iaHR0cDovL3d3dy53My5vcmcvMjAwMC9zdmciPjwvc3ZnPg==\" style=\"--smush-placeholder-width: 394px; --smush-placeholder-aspect-ratio: 394\/377;\" \/><\/a><\/span><\/p>\n<p><span style=\"color: #ffffff;\"><u><em>\u017ar\u00f3d\u0142o: <a style=\"color: #ffffff;\" href=\"http:\/\/zoo-aquos.pl\" target=\"_blank\" rel=\"external nofollow noopener noreferrer\">http:\/\/zoo-aquos.pl<\/a><\/em><\/u><\/span><\/p>\n<p><span style=\"color: #ffffff;\"><a style=\"color: #ffffff;\" href=\"https:\/\/zoo-aquos.pl\/pl\/p\/Odplyw-Deszczownia-Do-Filtra-SunSun-HW-304A-HW-304B-2026-mm\/5051\" target=\"_blank\" rel=\"external nofollow noopener noreferrer\">https:\/\/zoo-aquos.pl\/pl\/p\/Odplyw-Deszczownia-Do-Filtra-SunSun-HW-304A-HW-304B-2026-mm\/5051<\/a><\/span><\/p>\n<p><span style=\"color: #ffffff;\">Zasada jest prosta, woda trafia najpierw do korpusu, nast\u0119pnie do pompy i wraca do akwarium. Do korpusu wkr\u0119camy na wej\u015bciu (zgodnie z kierunkiem przep\u0142ywu oznaczonym strza\u0142k\u0105) zaw\u00f3r 3\/4 cala, do zaworu wkr\u0119camy nypel 3\/4&#215;1&#8243;, na nypel nakr\u0119camy ko\u0144c\u00f3wk\u0119 i na ni\u0105 nasuwamy w\u0105\u017c wlotowy. Do wyj\u015bcia z korpusu wkr\u0119camy kolano, nast\u0119pnie tr\u00f3jnik do kt\u00f3rego wkr\u0119camy zaw\u00f3r czerpalny i zaw\u00f3r 3\/4 cala, do kt\u00f3rego wkr\u0119camy nypel 3\/4&#215;1&#8243;. Na nypel nakr\u0119camy drug\u0105 ko\u0144c\u00f3wk\u0119 na w\u0105\u017c i \u0142\u0105czymy to z pomp\u0105, zwracaj\u0105c uwag\u0119 na kierunek przep\u0142ywu w pompie. Teraz wystarczy po\u0142\u0105czy\u0107 pomp\u0119 z wylotem HW lub tym samodzielnie sklejonym i gotowe. Wod\u0119 zasysamy tradycyjnie (ustami) przez kranik, kt\u00f3ry r\u00f3wnie\u017c s\u0142u\u017cy nam do spuszczania wody przy podmianach. W\u0119\u017ce nasuni\u0119te na ko\u0144c\u00f3wki zabezpieczamy opaskami zaciskowymi, r\u00f3wnie\u017c te nasuwane na gotowe wloty i wyloty od HW (dla bezpiecze\u0144stwa). W tym celu odkr\u0119camy oryginalne pier\u015bcienie zaciskowe i zabezpieczamy w\u0119\u017ce opaskami zaciskowymi dobranymi do \u015brednicy w\u0119\u017ca. Po\u0142\u0105czenia gwintowane zabezpieczamy ta\u015bm\u0105 teflonow\u0105.<\/span><br \/>\n<span style=\"color: #ffffff;\">Ca\u0142o\u015b\u0107 po po\u0142\u0105czeniu powinna wygl\u0105da\u0107 mniej wi\u0119cej tak:<\/span><\/p>\n<p><span style=\"color: #ffffff;\"><a class=\"ipsAttachLink ipsAttachLink_image\" style=\"color: #ffffff;\" href=\"http:\/\/forum.klub-malawi.pl\/uploads\/monthly_2019_05\/4487c02b4358eb01c0448344be9c7ca4.jpg.8a93e70540f6b58f90704371e41094f1.jpg\" rel=\"\" data-fileext=\"jpg\" data-fileid=\"44177\" data-ipslightbox=\"\" data-ipslightbox-group=\"g65171\"><img decoding=\"async\" class=\"ipsImage ipsImage_thumbnailed lazyload\" data-src=\"http:\/\/forum.klub-malawi.pl\/uploads\/monthly_2019_05\/4487c02b4358eb01c0448344be9c7ca4.thumb.jpg.a95df13fa1751bca6927b734cec94f7f.jpg\" alt=\"4487c02b4358eb01c0448344be9c7ca4.thumb.jpg.a95df13fa1751bca6927b734cec94f7f.jpg\" width=\"562\" data-fileid=\"44177\" data-ratio=\"133.45\" src=\"data:image\/svg+xml;base64,PHN2ZyB3aWR0aD0iMSIgaGVpZ2h0PSIxIiB4bWxucz0iaHR0cDovL3d3dy53My5vcmcvMjAwMC9zdmciPjwvc3ZnPg==\" \/><\/a><\/span><\/p>\n<p><span style=\"color: #ffffff;\"><u><em>\u017ar\u00f3d\u0142o: w\u0142asne<\/em><\/u><\/span><\/p>\n<p><span style=\"color: #ffffff;\">Jako wk\u0142ad do korpusu mo\u017cna u\u017cy\u0107 waty JBL Symec nawini\u0119tej na perforowan\u0105 rurk\u0119 po wk\u0142adzie sznurkowym, ja jednak polecam u\u017cywanie wk\u0142ad\u00f3w sznurkowych 50 lub 100 mikron\u00f3w.<\/span><\/p>\n<p><span style=\"color: #ffffff;\">\u017bycz\u0119 bezawaryjnego u\u017cytkowania i krystalicznie czystej wody.<\/span><\/p>\n<p>&nbsp;<\/p>\n<p><span style=\"color: #ffffff;\"><u><em>Linki u\u017cyte w artykule maj\u0105 charakter wy\u0142\u0105cznie pogl\u0105dowy. Nie mia\u0142em na celu promowania kt\u00f3regokolwiek z produkt\u00f3w.<\/em><\/u><\/span><\/p>\n","protected":false},"excerpt":{"rendered":"<p>Jednym z cz\u0119\u015bciej zadawanych pyta\u0144 przez pocz\u0105tkuj\u0105cych akwaryst\u00f3w\/malawist\u00f3w jest pytanie odno\u015bnie filtracji mechanicznej. I tu stajemy przed du\u017cym dylematem, poniewa\u017c rozwi\u0105za\u0144 i pomys\u0142\u00f3w jest wiele. W niniejszym artykule chcia\u0142bym przedstawi\u0107 swoje rozwi\u0105zanie, oparte na korpusie narurowym i pompie obiegowej. Nie jest tajemnic\u0105, \u017ce nasi podopieczni (pyszczaki) to kolokwialnie m\u00f3wi\u0105c brudasy w zwi\u0105zku z czym musimy [&hellip;]<\/p>\n","protected":false},"author":2,"featured_media":0,"parent":146,"menu_order":0,"comment_status":"closed","ping_status":"closed","template":"","meta":{"footnotes":""},"class_list":["post-1317","page","type-page","status-publish","hentry"],"_links":{"self":[{"href":"https:\/\/www.klub-malawi.pl\/index.php?rest_route=\/wp\/v2\/pages\/1317","targetHints":{"allow":["GET"]}}],"collection":[{"href":"https:\/\/www.klub-malawi.pl\/index.php?rest_route=\/wp\/v2\/pages"}],"about":[{"href":"https:\/\/www.klub-malawi.pl\/index.php?rest_route=\/wp\/v2\/types\/page"}],"author":[{"embeddable":true,"href":"https:\/\/www.klub-malawi.pl\/index.php?rest_route=\/wp\/v2\/users\/2"}],"replies":[{"embeddable":true,"href":"https:\/\/www.klub-malawi.pl\/index.php?rest_route=%2Fwp%2Fv2%2Fcomments&post=1317"}],"version-history":[{"count":6,"href":"https:\/\/www.klub-malawi.pl\/index.php?rest_route=\/wp\/v2\/pages\/1317\/revisions"}],"predecessor-version":[{"id":1388,"href":"https:\/\/www.klub-malawi.pl\/index.php?rest_route=\/wp\/v2\/pages\/1317\/revisions\/1388"}],"up":[{"embeddable":true,"href":"https:\/\/www.klub-malawi.pl\/index.php?rest_route=\/wp\/v2\/pages\/146"}],"wp:attachment":[{"href":"https:\/\/www.klub-malawi.pl\/index.php?rest_route=%2Fwp%2Fv2%2Fmedia&parent=1317"}],"curies":[{"name":"wp","href":"https:\/\/api.w.org\/{rel}","templated":true}]}}