{"id":131,"date":"2018-08-31T16:13:52","date_gmt":"2018-08-31T14:13:52","guid":{"rendered":"http:\/\/www.klub-malawi.pl\/?page_id=131"},"modified":"2021-01-20T21:17:05","modified_gmt":"2021-01-20T19:17:05","slug":"o-nas","status":"publish","type":"page","link":"https:\/\/www.klub-malawi.pl\/","title":{"rendered":"O nas"},"content":{"rendered":"<div>\n<div align=\"justify\">\n<p><span style=\"color: #ffffff;\"><a style=\"color: #ffffff;\" href=\"http:\/\/www.klub-malawi.pl\/wp-content\/uploads\/2018\/08\/Logo-klubowe.png\"><img decoding=\"async\" class=\"wp-image-6 alignleft lazyload\" data-src=\"http:\/\/www.klub-malawi.pl\/wp-content\/uploads\/2018\/08\/Logo-klubowe-300x279.png\" alt=\"\" width=\"110\" height=\"102\" data-srcset=\"https:\/\/www.klub-malawi.pl\/wp-content\/uploads\/2018\/08\/Logo-klubowe-300x279.png 300w, https:\/\/www.klub-malawi.pl\/wp-content\/uploads\/2018\/08\/Logo-klubowe.png 317w\" data-sizes=\"(max-width: 110px) 100vw, 110px\" src=\"data:image\/svg+xml;base64,PHN2ZyB3aWR0aD0iMSIgaGVpZ2h0PSIxIiB4bWxucz0iaHR0cDovL3d3dy53My5vcmcvMjAwMC9zdmciPjwvc3ZnPg==\" style=\"--smush-placeholder-width: 110px; --smush-placeholder-aspect-ratio: 110\/102;\" \/><\/a><\/span><\/p>\n<div><span style=\"font-size: 12pt; color: #ffffff;\">Klub Malawi jest stowarzyszeniem non profit, skupiaj\u0105cym hodowc\u00f3w i mi\u0142o\u015bnik\u00f3w endemicznych piel\u0119gnic jeziora Malawi. Naszym celem jest propagowanie malawistyki, przez nasze forum i galeri\u0119. <img decoding=\"async\" class=\"wp-image-247 alignright lazyload\" data-src=\"http:\/\/www.klub-malawi.pl\/wp-content\/uploads\/2018\/09\/large.885293936_l.t.front_.JPG.fcf3716784204c7ff1a0d9eb7be6e71b-300x253.jpg\" alt=\"\" width=\"128\" height=\"108\" data-srcset=\"https:\/\/www.klub-malawi.pl\/wp-content\/uploads\/2018\/09\/large.885293936_l.t.front_.JPG.fcf3716784204c7ff1a0d9eb7be6e71b-300x253.jpg 300w, https:\/\/www.klub-malawi.pl\/wp-content\/uploads\/2018\/09\/large.885293936_l.t.front_.JPG.fcf3716784204c7ff1a0d9eb7be6e71b-768x647.jpg 768w, https:\/\/www.klub-malawi.pl\/wp-content\/uploads\/2018\/09\/large.885293936_l.t.front_.JPG.fcf3716784204c7ff1a0d9eb7be6e71b-1024x863.jpg 1024w, https:\/\/www.klub-malawi.pl\/wp-content\/uploads\/2018\/09\/large.885293936_l.t.front_.JPG.fcf3716784204c7ff1a0d9eb7be6e71b.jpg 1424w\" data-sizes=\"(max-width: 128px) 100vw, 128px\" src=\"data:image\/svg+xml;base64,PHN2ZyB3aWR0aD0iMSIgaGVpZ2h0PSIxIiB4bWxucz0iaHR0cDovL3d3dy53My5vcmcvMjAwMC9zdmciPjwvc3ZnPg==\" style=\"--smush-placeholder-width: 128px; --smush-placeholder-aspect-ratio: 128\/108;\" \/>Ide\u0105 naszego Klubu jest dzielenie si\u0119 do\u015bwiadczeniami i wiedz\u0105, oraz informowanie o wszystkim co bezpo\u015brednio i po\u015brednio dotyczy akwarystyki. Na naszych stronach chcemy pokazywa\u0107 pi\u0119kno ryb, \u017cyj\u0105cych w Jeziorze Malawi. <img decoding=\"async\" class=\"wp-image-282 alignleft lazyload\" data-src=\"http:\/\/www.klub-malawi.pl\/wp-content\/uploads\/2018\/09\/large.287271649_c.z.front_.JPG.602efc9c7ba9397299271eb929d09bb1-300x268.jpg\" alt=\"\" width=\"151\" height=\"135\" data-srcset=\"https:\/\/www.klub-malawi.pl\/wp-content\/uploads\/2018\/09\/large.287271649_c.z.front_.JPG.602efc9c7ba9397299271eb929d09bb1-300x268.jpg 300w, https:\/\/www.klub-malawi.pl\/wp-content\/uploads\/2018\/09\/large.287271649_c.z.front_.JPG.602efc9c7ba9397299271eb929d09bb1-768x686.jpg 768w, https:\/\/www.klub-malawi.pl\/wp-content\/uploads\/2018\/09\/large.287271649_c.z.front_.JPG.602efc9c7ba9397299271eb929d09bb1-1024x914.jpg 1024w, https:\/\/www.klub-malawi.pl\/wp-content\/uploads\/2018\/09\/large.287271649_c.z.front_.JPG.602efc9c7ba9397299271eb929d09bb1.jpg 1344w\" data-sizes=\"(max-width: 151px) 100vw, 151px\" src=\"data:image\/svg+xml;base64,PHN2ZyB3aWR0aD0iMSIgaGVpZ2h0PSIxIiB4bWxucz0iaHR0cDovL3d3dy53My5vcmcvMjAwMC9zdmciPjwvc3ZnPg==\" style=\"--smush-placeholder-width: 151px; --smush-placeholder-aspect-ratio: 151\/135;\" \/>D\u0105\u017cymy do zapewnienia jak najlepszych warunk\u00f3w naszym podopiecznym, kategorycznie sprzeciwiamy si\u0119 krzy\u017c\u00f3wkom mi\u0119dzygatunkowym (hybrydyzacji), poniewa\u017c my, jako akwary\u015bci jeste\u015bmy odpowiedzialni za zachowanie bior\u00f3\u017cnorodno\u015bci zaproponowanej przez natur\u0119.<br \/>\nKlubowa strona internetowa zosta\u0142a w ca\u0142o\u015bci stworzona przez cz\u0142onk\u00f3w i sympatyk\u00f3w Klubu Malawi.<\/span><\/p>\n<div style=\"display: inline; margin: 5px 10px; float: right;\"><span style=\"font-size: 12pt; color: #ffffff;\"><a style=\"color: #ffffff;\" href=\"http:\/\/www.klub-malawi.pl\/wp-content\/uploads\/2018\/09\/large.ekipa_.JPG.08d97f2ec91d6ee7a88160757c390e7a-1.jpg\"><img decoding=\"async\" class=\"alignnone wp-image-263 lazyload\" data-src=\"http:\/\/www.klub-malawi.pl\/wp-content\/uploads\/2018\/09\/large.ekipa_.JPG.08d97f2ec91d6ee7a88160757c390e7a-1-300x208.jpg\" alt=\"\" width=\"185\" height=\"128\" data-srcset=\"https:\/\/www.klub-malawi.pl\/wp-content\/uploads\/2018\/09\/large.ekipa_.JPG.08d97f2ec91d6ee7a88160757c390e7a-1-300x208.jpg 300w, https:\/\/www.klub-malawi.pl\/wp-content\/uploads\/2018\/09\/large.ekipa_.JPG.08d97f2ec91d6ee7a88160757c390e7a-1-768x533.jpg 768w, https:\/\/www.klub-malawi.pl\/wp-content\/uploads\/2018\/09\/large.ekipa_.JPG.08d97f2ec91d6ee7a88160757c390e7a-1-1024x711.jpg 1024w, https:\/\/www.klub-malawi.pl\/wp-content\/uploads\/2018\/09\/large.ekipa_.JPG.08d97f2ec91d6ee7a88160757c390e7a-1.jpg 1600w\" data-sizes=\"(max-width: 185px) 100vw, 185px\" src=\"data:image\/svg+xml;base64,PHN2ZyB3aWR0aD0iMSIgaGVpZ2h0PSIxIiB4bWxucz0iaHR0cDovL3d3dy53My5vcmcvMjAwMC9zdmciPjwvc3ZnPg==\" style=\"--smush-placeholder-width: 185px; --smush-placeholder-aspect-ratio: 185\/128;\" \/><\/a><\/span><\/div>\n<p><span style=\"font-size: 12pt; color: #ffffff;\">Wszyscy klubowicze wsp\u00f3\u0142tworz\u0105 klub i forum. Naszym motto s\u0105 s\u0142owa dawnego ameryka\u0144skiego prezydenta Johna F.Kennedy\u2019ego, zaadaptowane na nasze potrzeby: \u201eNie pytaj co Klub mo\u017ce zrobi\u0107 dla Ciebie, ale co Ty mo\u017cesz zrobi\u0107 dla Klubu\u201d.<\/span><br \/>\n<span style=\"font-size: 12pt; color: #ffffff;\">Historia klubu si\u0119ga ko\u0144ca 2000 roku. Wtedy to grupa mi\u0142o\u015bnik\u00f3w ryb z jeziora Malawi, z Krzysztofem Ka\u017amierczakiem na czele za\u0142o\u017cy\u0142a Klub Malawi. Powsta\u0142a tak\u017ce zamkni\u0119ta lista dyskusyjna dla klubowicz\u00f3w. W tym samym czasie K.Ka\u017amierczak za\u0142o\u017cy\u0142 pierwszy polski portal po\u015bwi\u0119cony malawistyce. Klub Malawi wsp\u00f3\u0142istnia\u0142 z serwisem www.malawi.pl przez wiele lat, a cz\u0142onkowie Klubu zape\u0142niali serwis tekstami i artyku\u0142ami. Na pocz\u0105tku 2006 roku, po przeprowadzeniu wybor\u00f3w do Zarz\u0105du Klubu Malawi, oddzieli\u0142 si\u0119 on od Malawi.pl.<\/span><\/p>\n<div style=\"display: inline; margin: 5px 10px 0px 0px; float: left;\"><span style=\"font-size: 12pt; color: #ffffff;\"><a style=\"color: #ffffff;\" href=\"http:\/\/www.klub-malawi.pl\/wp-content\/uploads\/2018\/09\/large.2131521954_n.l.samiec.JPG.50964f51c182bd53fa060a51a0e9a591.jpg\"><img decoding=\"async\" class=\"alignnone wp-image-249 lazyload\" data-src=\"http:\/\/www.klub-malawi.pl\/wp-content\/uploads\/2018\/09\/large.2131521954_n.l.samiec.JPG.50964f51c182bd53fa060a51a0e9a591-300x227.jpg\" alt=\"\" width=\"207\" height=\"157\" data-srcset=\"https:\/\/www.klub-malawi.pl\/wp-content\/uploads\/2018\/09\/large.2131521954_n.l.samiec.JPG.50964f51c182bd53fa060a51a0e9a591-300x227.jpg 300w, https:\/\/www.klub-malawi.pl\/wp-content\/uploads\/2018\/09\/large.2131521954_n.l.samiec.JPG.50964f51c182bd53fa060a51a0e9a591-768x580.jpg 768w, https:\/\/www.klub-malawi.pl\/wp-content\/uploads\/2018\/09\/large.2131521954_n.l.samiec.JPG.50964f51c182bd53fa060a51a0e9a591-1024x774.jpg 1024w, https:\/\/www.klub-malawi.pl\/wp-content\/uploads\/2018\/09\/large.2131521954_n.l.samiec.JPG.50964f51c182bd53fa060a51a0e9a591.jpg 1600w\" data-sizes=\"(max-width: 207px) 100vw, 207px\" src=\"data:image\/svg+xml;base64,PHN2ZyB3aWR0aD0iMSIgaGVpZ2h0PSIxIiB4bWxucz0iaHR0cDovL3d3dy53My5vcmcvMjAwMC9zdmciPjwvc3ZnPg==\" style=\"--smush-placeholder-width: 207px; --smush-placeholder-aspect-ratio: 207\/157;\" \/><\/a><\/span><\/div>\n<p><span style=\"font-size: 12pt; color: #ffffff;\">Powsta\u0142 internetowy serwis Klubu Malawi pod adresem www.klub-malawi.pl<\/span><\/p>\n<p><span style=\"font-size: 12pt; color: #ffffff;\">Cz\u0142onkowie Klubu Malawi to akwary\u015bci, hobby\u015bci, pasjonaci. Ludzie, kt\u00f3rzy opr\u00f3cz hodowli pyszczak\u00f3w, odnajduj\u0105 przyjemno\u015b\u0107 w dzieleniu si\u0119 swoimi do\u015bwiadczeniami. Portal www.klub-malawi.pl to miejsce spotka\u0144, wymiany do\u015bwiadcze\u0144. <img decoding=\"async\" class=\"wp-image-400 alignright lazyload\" data-src=\"http:\/\/www.klub-malawi.pl\/wp-content\/uploads\/2018\/09\/28927830_1022063921275184_2025635735_o-300x225.jpg\" alt=\"\" width=\"207\" height=\"155\" data-srcset=\"https:\/\/www.klub-malawi.pl\/wp-content\/uploads\/2018\/09\/28927830_1022063921275184_2025635735_o-300x225.jpg 300w, https:\/\/www.klub-malawi.pl\/wp-content\/uploads\/2018\/09\/28927830_1022063921275184_2025635735_o-768x576.jpg 768w, https:\/\/www.klub-malawi.pl\/wp-content\/uploads\/2018\/09\/28927830_1022063921275184_2025635735_o-1024x768.jpg 1024w, https:\/\/www.klub-malawi.pl\/wp-content\/uploads\/2018\/09\/28927830_1022063921275184_2025635735_o.jpg 2048w\" data-sizes=\"(max-width: 207px) 100vw, 207px\" src=\"data:image\/svg+xml;base64,PHN2ZyB3aWR0aD0iMSIgaGVpZ2h0PSIxIiB4bWxucz0iaHR0cDovL3d3dy53My5vcmcvMjAwMC9zdmciPjwvc3ZnPg==\" style=\"--smush-placeholder-width: 207px; --smush-placeholder-aspect-ratio: 207\/155;\" \/>To miejsce gdzie ka\u017cdy akwarysta mo\u017ce dzieli\u0107 si\u0119 swoj\u0105 wiedz\u0105 na forum. Wspieramy si\u0119 wzajemnie, pomagamy sobie, wymieniamy si\u0119 nie tylko wiedz\u0105, ale rybami i sprz\u0119tem. Wszyscy cz\u0142onkowie Klubu Malawi wsp\u00f3lnie utrzymuj\u0105 Klub z w\u0142asnych \u015brodk\u00f3w. Robimy to za po\u015brednictwem sk\u0142adek cz\u0142onkowskich, ale tak naprawd\u0119 \u017caden z nas nie szcz\u0119dzi wysi\u0142k\u00f3w i w\u0142asnego czasu dla budowania tego wsp\u00f3lnego dzie\u0142a. <\/span><\/p>\n<p><span style=\"font-size: 12pt; color: #ffffff;\">Je\u015bli chcesz wsp\u00f3\u0142tworzy\u0107 Klub Malawi, wnie\u015b\u0107 sw\u00f3j wk\u0142ad, to serdecznie zapraszamy do grona naszych cz\u0142onk\u00f3w.<\/span><\/p>\n<\/div>\n<div style=\"text-align: right;\"><span style=\"font-size: 12pt; color: #ffffff;\"><em>Zarz\u0105d Klubu Malawi.<\/em><b><br \/>\n<\/b><\/span><\/div>\n<div><span style=\"font-size: 12pt; color: #ffffff;\"><b>\u00a0<\/b><\/span><\/div>\n<div style=\"display: block; text-align: center; margin-right: auto; margin-left: auto;\"><span style=\"color: #ffffff;\"><a style=\"color: #ffffff;\" href=\"http:\/\/www.klub-malawi.pl\/wp-content\/uploads\/2018\/09\/large.03_18.jpg.7c3bb4bec066f4339f5e2549b8dc08fe.jpg\"><img decoding=\"async\" class=\"alignnone wp-image-266 lazyload\" data-src=\"http:\/\/www.klub-malawi.pl\/wp-content\/uploads\/2018\/09\/large.03_18.jpg.7c3bb4bec066f4339f5e2549b8dc08fe-1024x785.jpg\" alt=\"\" width=\"647\" height=\"496\" data-srcset=\"https:\/\/www.klub-malawi.pl\/wp-content\/uploads\/2018\/09\/large.03_18.jpg.7c3bb4bec066f4339f5e2549b8dc08fe-1024x785.jpg 1024w, https:\/\/www.klub-malawi.pl\/wp-content\/uploads\/2018\/09\/large.03_18.jpg.7c3bb4bec066f4339f5e2549b8dc08fe-300x230.jpg 300w, https:\/\/www.klub-malawi.pl\/wp-content\/uploads\/2018\/09\/large.03_18.jpg.7c3bb4bec066f4339f5e2549b8dc08fe-768x588.jpg 768w, https:\/\/www.klub-malawi.pl\/wp-content\/uploads\/2018\/09\/large.03_18.jpg.7c3bb4bec066f4339f5e2549b8dc08fe.jpg 1600w\" data-sizes=\"(max-width: 647px) 100vw, 647px\" src=\"data:image\/svg+xml;base64,PHN2ZyB3aWR0aD0iMSIgaGVpZ2h0PSIxIiB4bWxucz0iaHR0cDovL3d3dy53My5vcmcvMjAwMC9zdmciPjwvc3ZnPg==\" style=\"--smush-placeholder-width: 647px; --smush-placeholder-aspect-ratio: 647\/496;\" \/><\/a><\/span><\/div>\n<\/div>\n<\/div>\n","protected":false},"excerpt":{"rendered":"<p>Klub Malawi jest stowarzyszeniem non profit, skupiaj\u0105cym hodowc\u00f3w i mi\u0142o\u015bnik\u00f3w endemicznych piel\u0119gnic jeziora Malawi. Naszym celem jest propagowanie malawistyki, przez nasze forum i galeri\u0119. Ide\u0105 naszego Klubu jest dzielenie si\u0119 do\u015bwiadczeniami i wiedz\u0105, oraz informowanie o wszystkim co bezpo\u015brednio i po\u015brednio dotyczy akwarystyki. Na naszych stronach chcemy pokazywa\u0107 pi\u0119kno ryb, \u017cyj\u0105cych w Jeziorze Malawi. D\u0105\u017cymy [&hellip;]<\/p>\n","protected":false},"author":2,"featured_media":0,"parent":0,"menu_order":0,"comment_status":"closed","ping_status":"closed","template":"","meta":{"footnotes":""},"class_list":["post-131","page","type-page","status-publish","hentry"],"_links":{"self":[{"href":"https:\/\/www.klub-malawi.pl\/index.php?rest_route=\/wp\/v2\/pages\/131","targetHints":{"allow":["GET"]}}],"collection":[{"href":"https:\/\/www.klub-malawi.pl\/index.php?rest_route=\/wp\/v2\/pages"}],"about":[{"href":"https:\/\/www.klub-malawi.pl\/index.php?rest_route=\/wp\/v2\/types\/page"}],"author":[{"embeddable":true,"href":"https:\/\/www.klub-malawi.pl\/index.php?rest_route=\/wp\/v2\/users\/2"}],"replies":[{"embeddable":true,"href":"https:\/\/www.klub-malawi.pl\/index.php?rest_route=%2Fwp%2Fv2%2Fcomments&post=131"}],"version-history":[{"count":43,"href":"https:\/\/www.klub-malawi.pl\/index.php?rest_route=\/wp\/v2\/pages\/131\/revisions"}],"predecessor-version":[{"id":1702,"href":"https:\/\/www.klub-malawi.pl\/index.php?rest_route=\/wp\/v2\/pages\/131\/revisions\/1702"}],"wp:attachment":[{"href":"https:\/\/www.klub-malawi.pl\/index.php?rest_route=%2Fwp%2Fv2%2Fmedia&parent=131"}],"curies":[{"name":"wp","href":"https:\/\/api.w.org\/{rel}","templated":true}]}}