{"id":1171,"date":"2019-01-03T11:33:22","date_gmt":"2019-01-03T09:33:22","guid":{"rendered":"http:\/\/www.klub-malawi.pl\/?page_id=1171"},"modified":"2019-01-03T11:37:18","modified_gmt":"2019-01-03T09:37:18","slug":"otopharynx-tetrastigma-opis-gatunku-i-doswiadczenia-z-jego-chowu","status":"publish","type":"page","link":"https:\/\/www.klub-malawi.pl\/?page_id=1171","title":{"rendered":"Otopharynx tetrastigma &#8211; opis gatunku i do\u015bwiadczenia z jego chowu"},"content":{"rendered":"<p><span style=\"color: #ffffff;\"><strong>WYST\u0118POWANIE<\/strong><\/span><\/p>\n<p><span style=\"color: #ffffff;\">Gatunek ten wyst\u0119puje w po\u0142udniowej cz\u0119\u015bci jeziora Malawi, u wybrze\u017cy wyspy Thumbi East, u wyp\u0142ywu\u00a0rzeki Shire do jeziora Malombe , oraz w samym jeziorze Malombe.<\/span><\/p>\n<p><span style=\"color: #ffffff;\"><strong>\u015aRODOWISKO<\/strong><\/span><\/p>\n<p><span style=\"color: #ffffff;\">Otopharynx tetrastigma \u017cyje w przybrze\u017cnych rejonach na g\u0142\u0119boko\u015bci do 10-12\u00a0m. \u015arodowisko to charakteryzuje si\u0119 mulistym, pe\u0142nym osad\u00f3w dnem. Obszar ten poro\u015bni\u0119ty jest ro\u015blinami z rodzaju\u00a0<em>Vallisneria (Nurzaniec) i Ceratophyllum (Rogatek)<\/em><\/span><\/p>\n<p><span style=\"color: #ffffff;\"><strong>DYMORFIZM P\u0141CIOWY<\/strong><\/span><\/p>\n<p><span style=\"color: #ffffff;\">Samce dorastaj\u0105 do ok. 15-16 cm. Samice s\u0105 kilka centymetr\u00f3w mniejsze. Dymorfizm jest bardzo wyra\u017any. O ile nie ma problemu z opisaniem wygl\u0105du samicy, o tyle z opisem samca jest du\u017cy problem. Wyst\u0119puj\u0105 tu wszystkie podstawowe kolory, czyli niebieski, zielony, \u017c\u00f3\u0142ty,\u00a0czerwony\u00a0&#8230;i czarny, a intensywno\u015b\u0107 poszczeg\u00f3lnych kolor\u00f3w zale\u017cy od nastroju samca. U samca dominuj\u0105cego uwydatnia si\u0119 czerwie\u0144, a podbrzusze, g\u00f3rna cz\u0119\u015b\u0107 p\u0142etwy odbytowej i p\u0142etwy piersiowe robi\u0105 si\u0119 czarne. U s\u0142abszych samc\u00f3w dominuje turkus, chocia\u017c czerwie\u0144 te\u017c jest zauwa\u017calna, ale idzie bardziej w kierunku ciemnej pomara\u0144czy. G\u0142owa niezmiennie jest niebieska. Zwr\u00f3c\u0119 uwag\u0119, \u017ce zdominowane samce, chocia\u017c nie tak pi\u0119kne jak dominant, utrzymuj\u0105 bardzo atrakcyjny wygl\u0105d. Mam nadziej\u0119, \u017ce przekaza\u0142em obraz samc\u00f3w, chocia\u017c ci, kt\u00f3rzy widzieli te ryby, wiedz\u0105 jak karko\u0142omne jest to zadanie. Ryba przepi\u0119kna, z powodzeniem konkuruj\u0105ca z <em>Aulonocarami<\/em>.<\/span><\/p>\n<p><span style=\"color: #ffffff;\">Dominant:<\/span><\/p>\n<p><span style=\"color: #ffffff;\"><a class=\"ipsAttachLink ipsAttachLink_image\" style=\"color: #ffffff;\" href=\"http:\/\/forum.klub-malawi.pl\/uploads\/monthly_2018_09\/large.gallery_13224_22_1469462733_14997.jpg.95111f44670da6b09c651d88a3693dc8.jpg.5a7ee6c7114d8647d20089a0e6ac32cb.jpg\" rel=\"\" data-fileid=\"40580\" data-ipslightbox=\"\" data-ipslightbox-group=\"g53489\"><img decoding=\"async\" class=\"ipsImage ipsImage_thumbnailed lazyload\" data-src=\"http:\/\/forum.klub-malawi.pl\/uploads\/monthly_2018_09\/large.gallery_13224_22_1469462733_14997.jpg.95111f44670da6b09c651d88a3693dc8.thumb.jpg.e8a76a9cdec8fdd5d331e3f67cf8250e.jpg\" alt=\"large.gallery_13224_22_1469462733_14997.jpg.95111f44670da6b09c651d88a3693dc8.thumb.jpg.e8a76a9cdec8fdd5d331e3f67cf8250e.jpg\" data-fileid=\"40580\" src=\"data:image\/svg+xml;base64,PHN2ZyB3aWR0aD0iMSIgaGVpZ2h0PSIxIiB4bWxucz0iaHR0cDovL3d3dy53My5vcmcvMjAwMC9zdmciPjwvc3ZnPg==\" \/><\/a><\/span><\/p>\n<p><span style=\"color: #ffffff;\"><a class=\"ipsAttachLink ipsAttachLink_image\" style=\"color: #ffffff;\" href=\"http:\/\/forum.klub-malawi.pl\/uploads\/monthly_2018_09\/large.gallery_13224_22_1469462700_14921.jpg.e736ce4a1b51d20728904756fb641b51.jpg.716a8bc60c10d399fbb7122773ce67ef.jpg\" rel=\"\" data-fileid=\"40582\" data-ipslightbox=\"\" data-ipslightbox-group=\"g53489\"><img decoding=\"async\" class=\"ipsImage ipsImage_thumbnailed lazyload\" data-src=\"http:\/\/forum.klub-malawi.pl\/uploads\/monthly_2018_09\/large.gallery_13224_22_1469462700_14921.jpg.e736ce4a1b51d20728904756fb641b51.thumb.jpg.09da3279005ced40a4716c44f0bf8ea2.jpg\" alt=\"large.gallery_13224_22_1469462700_14921.jpg.e736ce4a1b51d20728904756fb641b51.thumb.jpg.09da3279005ced40a4716c44f0bf8ea2.jpg\" data-fileid=\"40582\" src=\"data:image\/svg+xml;base64,PHN2ZyB3aWR0aD0iMSIgaGVpZ2h0PSIxIiB4bWxucz0iaHR0cDovL3d3dy53My5vcmcvMjAwMC9zdmciPjwvc3ZnPg==\" \/><\/a><\/span><\/p>\n<p><span style=\"color: #ffffff;\">i s\u0142abszy samiec:<\/span><\/p>\n<p><span style=\"color: #ffffff;\"><a class=\"ipsAttachLink ipsAttachLink_image\" style=\"color: #ffffff;\" href=\"http:\/\/forum.klub-malawi.pl\/uploads\/monthly_2018_09\/large.gallery_13224_22_1469462847_15339.jpg.6559c31903b07ef61ed2fc1b7286cb21.jpg.5b3f492ae293dd02833b7fe5c6c4f81d.jpg\" rel=\"\" data-fileid=\"40583\" data-ipslightbox=\"\" data-ipslightbox-group=\"g53489\"><img decoding=\"async\" class=\"ipsImage ipsImage_thumbnailed lazyload\" data-src=\"http:\/\/forum.klub-malawi.pl\/uploads\/monthly_2018_09\/large.gallery_13224_22_1469462847_15339.jpg.6559c31903b07ef61ed2fc1b7286cb21.thumb.jpg.dc1d16b52fc45f717e650df79ef96c1d.jpg\" alt=\"large.gallery_13224_22_1469462847_15339.jpg.6559c31903b07ef61ed2fc1b7286cb21.thumb.jpg.dc1d16b52fc45f717e650df79ef96c1d.jpg\" data-fileid=\"40583\" src=\"data:image\/svg+xml;base64,PHN2ZyB3aWR0aD0iMSIgaGVpZ2h0PSIxIiB4bWxucz0iaHR0cDovL3d3dy53My5vcmcvMjAwMC9zdmciPjwvc3ZnPg==\" \/><\/a><\/span><\/p>\n<p><span style=\"color: #ffffff;\">Samica jest srebrzysta. Widoczne s\u0105 3 czarne plamy, chocia\u017c nie zawsze. Wszystko zale\u017cy od nastroju ryby. Te plamy, jak wida\u0107 na zdj\u0119ciu powy\u017cej, s\u0105 widoczne te\u017c czasami u samc\u00f3w. Wszystkie s\u0105 w osi ryby. Jedna jest po \u015brodku tu\u0142owia, druga pomi\u0119dzy pierwsz\u0105 plam\u0105 a ogonem, a trzecia jest u nasady ogona. Obrze\u017ca p\u0142etwy grzbietowej i odbytowej s\u0105 zabarwione na czerwono. Poza tym samice s\u0105 smuklejsze od samc\u00f3w. Bez w\u0105tpienia samice s\u0105 mniej atrakcyjne, ale nie mo\u017cna odm\u00f3wi\u0107 im pewnego uroku, a na pewno nie mo\u017cna o nich powiedzie\u0107, \u017ce s\u0105 brzydkie. Powy\u017cej wida\u0107 samic\u0119 z kropkami, a poni\u017cej bez nich.<\/span><\/p>\n<p><span style=\"color: #ffffff;\"><a class=\"ipsAttachLink ipsAttachLink_image\" style=\"color: #ffffff;\" href=\"http:\/\/forum.klub-malawi.pl\/uploads\/monthly_2018_09\/large.gallery_13224_22_1469462888_15446.jpg.afe0df2a4239df145bdca9ed03fdc564.jpg.fff5de13bf74cbfc1b232e7cfb87bc7b.jpg\" rel=\"\" data-fileid=\"40584\" data-ipslightbox=\"\" data-ipslightbox-group=\"g53489\"><img decoding=\"async\" class=\"ipsImage ipsImage_thumbnailed lazyload\" data-src=\"http:\/\/forum.klub-malawi.pl\/uploads\/monthly_2018_09\/large.gallery_13224_22_1469462888_15446.jpg.afe0df2a4239df145bdca9ed03fdc564.thumb.jpg.83b3ae75fb976e035b695e9d1819c39a.jpg\" alt=\"large.gallery_13224_22_1469462888_15446.jpg.afe0df2a4239df145bdca9ed03fdc564.thumb.jpg.83b3ae75fb976e035b695e9d1819c39a.jpg\" data-fileid=\"40584\" src=\"data:image\/svg+xml;base64,PHN2ZyB3aWR0aD0iMSIgaGVpZ2h0PSIxIiB4bWxucz0iaHR0cDovL3d3dy53My5vcmcvMjAwMC9zdmciPjwvc3ZnPg==\" \/><\/a><\/span><\/p>\n<p><span style=\"color: #ffffff;\"><strong>ZACHOWANIE<\/strong><\/span><\/p>\n<p><span style=\"color: #ffffff;\">Gatunek ten mo\u017cna zaliczy\u0107 do tych spokojniejszych. Nie jest tak ciapowaty jak np. niekt\u00f3re\u00a0<em>Copadichromis,\u00a0<\/em>ale jest doskona\u0142ym uzupe\u0142nieniem do akwarium z <em>non-Mbun\u0105<\/em>. \u015awiadczy\u0107 o tym mo\u017ce cho\u0107by fakt, \u017ce w akwarium mo\u017cliwy jest uk\u0142ad wielosamcowy, a s\u0142absze samce nie s\u0105 jako\u015b\u00a0 specjalnie gn\u0119bione przez dominanta i zachowuj\u0105 atrakcyjne ubarwienie. Z tego te\u017c wzgl\u0119du dochodzi cz\u0119sto do walk mi\u0119dzy samcami. Samiec aspiruj\u0105cy te\u017c przybiera maksymalne ubarwienie.\u00a0Walki odbywaj\u0105 si\u0119 pod lustrem wody&#8230;mo\u017ce dlatego, \u017ce s\u0105 bardzo wyczerpuj\u0105ce dla samc\u00f3w, a pod lustrem woda jest najlepiej dotleniona. Zawsze obserwowa\u0142em po walce ci\u0119\u017cko &#8222;oddychaj\u0105ce&#8221; samce. Dodatkowym powodem mo\u017ce\u00a0by\u0107\u00a0stres.\u00a0Ryby w czasie walki nie robi\u0105 sobie \u017cadnej krzywdy, walka polega jedynie na sczepianiu si\u0119 pyskami. Walki s\u0105 bardzo widowiskowe, co spr\u00f3bowa\u0142em uwieczni\u0107.<\/span><\/p>\n<p><span style=\"color: #ffffff;\"><a class=\"ipsAttachLink ipsAttachLink_image\" style=\"color: #ffffff;\" href=\"http:\/\/forum.klub-malawi.pl\/uploads\/monthly_2018_09\/large.593d8fff1b21b_Otopharynxtetrastigma.jpg.ef0e641d766d39bba2cf0145217c100c.jpg.979c4675f2a943a841d32715b4d56ebd.jpg\" rel=\"\" data-fileid=\"40585\" data-ipslightbox=\"\" data-ipslightbox-group=\"g53489\"><img decoding=\"async\" class=\"ipsImage ipsImage_thumbnailed lazyload\" data-src=\"http:\/\/forum.klub-malawi.pl\/uploads\/monthly_2018_09\/large.593d8fff1b21b_Otopharynxtetrastigma.jpg.ef0e641d766d39bba2cf0145217c100c.thumb.jpg.0de6a692fb51711ed11abbb8e16d8c97.jpg\" alt=\"large.593d8fff1b21b_Otopharynxtetrastigma.jpg.ef0e641d766d39bba2cf0145217c100c.thumb.jpg.0de6a692fb51711ed11abbb8e16d8c97.jpg\" data-fileid=\"40585\" src=\"data:image\/svg+xml;base64,PHN2ZyB3aWR0aD0iMSIgaGVpZ2h0PSIxIiB4bWxucz0iaHR0cDovL3d3dy53My5vcmcvMjAwMC9zdmciPjwvc3ZnPg==\" \/><\/a><\/span><\/p>\n<p><span style=\"color: #ffffff;\"><a class=\"ipsAttachLink ipsAttachLink_image\" style=\"color: #ffffff;\" href=\"http:\/\/forum.klub-malawi.pl\/uploads\/monthly_2018_09\/large.gallery_13224_22_1469462712_14956.jpg.239940ed37ff5cae7698df33351603be.jpg.313e766f1baf891f443752d1adcde8bb.jpg\" rel=\"\" data-fileid=\"40586\" data-ipslightbox=\"\" data-ipslightbox-group=\"g53489\"><img decoding=\"async\" class=\"ipsImage ipsImage_thumbnailed lazyload\" data-src=\"http:\/\/forum.klub-malawi.pl\/uploads\/monthly_2018_09\/large.gallery_13224_22_1469462712_14956.jpg.239940ed37ff5cae7698df33351603be.thumb.jpg.3f0d5eb134f204f3ffdc8000d41ec165.jpg\" alt=\"large.gallery_13224_22_1469462712_14956.jpg.239940ed37ff5cae7698df33351603be.thumb.jpg.3f0d5eb134f204f3ffdc8000d41ec165.jpg\" data-fileid=\"40586\" src=\"data:image\/svg+xml;base64,PHN2ZyB3aWR0aD0iMSIgaGVpZ2h0PSIxIiB4bWxucz0iaHR0cDovL3d3dy53My5vcmcvMjAwMC9zdmciPjwvc3ZnPg==\" \/><\/a><\/span><\/p>\n<p><span style=\"color: #ffffff;\"><a class=\"ipsAttachLink ipsAttachLink_image\" style=\"color: #ffffff;\" href=\"http:\/\/forum.klub-malawi.pl\/uploads\/monthly_2018_09\/large.gallery_13224_22_1469462713_14957.jpg.4db85a0d9db4d4705b9e25b37a4b1c1c.jpg.60c294573a771c891b02468d276f8ce1.jpg\" rel=\"\" data-fileid=\"40587\" data-ipslightbox=\"\" data-ipslightbox-group=\"g53489\"><img decoding=\"async\" class=\"ipsImage ipsImage_thumbnailed lazyload\" data-src=\"http:\/\/forum.klub-malawi.pl\/uploads\/monthly_2018_09\/large.gallery_13224_22_1469462713_14957.jpg.4db85a0d9db4d4705b9e25b37a4b1c1c.thumb.jpg.751c08b41e73b597ea5287ff3056a084.jpg\" alt=\"large.gallery_13224_22_1469462713_14957.jpg.4db85a0d9db4d4705b9e25b37a4b1c1c.thumb.jpg.751c08b41e73b597ea5287ff3056a084.jpg\" data-fileid=\"40587\" src=\"data:image\/svg+xml;base64,PHN2ZyB3aWR0aD0iMSIgaGVpZ2h0PSIxIiB4bWxucz0iaHR0cDovL3d3dy53My5vcmcvMjAwMC9zdmciPjwvc3ZnPg==\" \/><\/a><\/span><\/p>\n<p><span style=\"color: #ffffff;\"><a class=\"ipsAttachLink ipsAttachLink_image\" style=\"color: #ffffff;\" href=\"http:\/\/forum.klub-malawi.pl\/uploads\/monthly_2018_09\/large.gallery_13224_22_1469462716_14964.jpg.01d0c0ba4c6aff17920bd1fe2c629b35.jpg.42d61b7c9b0f61eac0c9e3cafa59e710.jpg\" rel=\"\" data-fileid=\"40588\" data-ipslightbox=\"\" data-ipslightbox-group=\"g53489\"><img decoding=\"async\" class=\"ipsImage ipsImage_thumbnailed lazyload\" data-src=\"http:\/\/forum.klub-malawi.pl\/uploads\/monthly_2018_09\/large.gallery_13224_22_1469462716_14964.jpg.01d0c0ba4c6aff17920bd1fe2c629b35.thumb.jpg.77d59aa2bb3341cd4b21e198c92f1877.jpg\" alt=\"large.gallery_13224_22_1469462716_14964.jpg.01d0c0ba4c6aff17920bd1fe2c629b35.thumb.jpg.77d59aa2bb3341cd4b21e198c92f1877.jpg\" data-fileid=\"40588\" src=\"data:image\/svg+xml;base64,PHN2ZyB3aWR0aD0iMSIgaGVpZ2h0PSIxIiB4bWxucz0iaHR0cDovL3d3dy53My5vcmcvMjAwMC9zdmciPjwvc3ZnPg==\" \/><\/a><\/span><\/p>\n<p><span style=\"color: #ffffff;\"><a class=\"ipsAttachLink ipsAttachLink_image\" style=\"color: #ffffff;\" href=\"http:\/\/forum.klub-malawi.pl\/uploads\/monthly_2018_09\/large.gallery_13224_22_1469462710_14953.jpg.175792e8b18133b8c7e8a5170986b6dc.jpg.84356105e7a03cb3502f6275f4f39316.jpg\" rel=\"\" data-fileid=\"40589\" data-ipslightbox=\"\" data-ipslightbox-group=\"g53489\"><img decoding=\"async\" class=\"ipsImage ipsImage_thumbnailed lazyload\" data-src=\"http:\/\/forum.klub-malawi.pl\/uploads\/monthly_2018_09\/large.gallery_13224_22_1469462710_14953.jpg.175792e8b18133b8c7e8a5170986b6dc.thumb.jpg.27a158ba07fe8467c7c8309dd1cd56a4.jpg\" alt=\"large.gallery_13224_22_1469462710_14953.jpg.175792e8b18133b8c7e8a5170986b6dc.thumb.jpg.27a158ba07fe8467c7c8309dd1cd56a4.jpg\" data-fileid=\"40589\" src=\"data:image\/svg+xml;base64,PHN2ZyB3aWR0aD0iMSIgaGVpZ2h0PSIxIiB4bWxucz0iaHR0cDovL3d3dy53My5vcmcvMjAwMC9zdmciPjwvc3ZnPg==\" \/><\/a><\/span><\/p>\n<p><span style=\"color: #ffffff;\">Przejawy terytorializmu mo\u017cna zaobserwowa\u0107 jedynie w okresie tar\u0142a, a i wtedy nie jest to specjalnie uci\u0105\u017cliwe dla innych mieszka\u0144c\u00f3w. W okresie wspomnianego tar\u0142a samiec wygrzebuje w piasku niedu\u017cy do\u0142ek i tam dochodzi do tar\u0142a. Ryby w naturze wygrzebuj\u0105 pokarm z pod\u0142o\u017ca, co wskazywa\u0142oby na ich przydenne bytowanie, ale te\u017c pobieraj\u0105 plankton z nad powierzchni tego pod\u0142o\u017ca. To, plus spos\u00f3b karmienia w akwarium,\u00a0powoduje , \u017ce ryby p\u0142ywaj\u0105 po ca\u0142ym akwarium.<\/span><\/p>\n<p><span style=\"color: #ffffff;\"><strong>DIETA<\/strong><\/span><\/p>\n<p><span style=\"color: #ffffff;\">W naturze\u00a0<em>Otopharynx tetrastigma\u00a0<\/em>wygrzebuje z mu\u0142u i osad\u00f3w mi\u0119czaki, skorupiaki i larwy owad\u00f3w,\u00a0 oraz spo\u017cywa zooplankton\u00a0 unosz\u0105cy si\u0119 nad tymi osadami. W akwarium powinien by\u0107 karmiony pokarmami sztucznymi z du\u017cym udzia\u0142em sk\u0142adnik\u00f3w pochodzenia zwierz\u0119cego oraz mro\u017conkami.<\/span><\/p>\n<p><span style=\"color: #ffffff;\"><strong>MOJE DO\u015aWIADCZENIA Z OTOPHARYNX TETRASTIGMA<\/strong><\/span><\/p>\n<p><span style=\"color: #ffffff;\">W zasadzie wszystko ju\u017c opisa\u0142em we wcze\u015bniejszych dzia\u0142ach. Tu zwr\u00f3c\u0119 tylko uwag\u0119 na kwestie rozwojowe tego gatunku. Zakupi\u0142em ten gatunek z konkretnym zam\u00f3wieniem. Ryby mia\u0142y by\u0107 na tyle du\u017ce, \u017ceby rozr\u00f3\u017cnienie p\u0142ci by\u0142o mo\u017cliwe. Zam\u00f3wi\u0142em uk\u0142ad 2+3\u00a0i faktycznie przysz\u0142y 2\u00a0podbarwione (bo nie wybarwione) samce i 3 samice. Niestety, w kr\u00f3tkim czasie pad\u0142 mi samiec i samica. Od tej pory liczy\u0142em si\u0119 z uk\u0142adem 1+2. D\u0142ugo nic si\u0119 nie dzia\u0142o, co mnie dziwi\u0142o, gdy\u017c na tym etapie rozwoju powinno ju\u017c doj\u015b\u0107 do tar\u0142a. Ryby si\u0119 rozwija\u0142y, czas up\u0142ywa\u0142, a we mnie narasta\u0142a frustracja. Nie mia\u0142em mo\u017cliwo\u015bci zweryfikowania p\u0142ci moich samic, gdy\u017c nie mia\u0142em materia\u0142u por\u00f3wnawczego. Czeka\u0142em na rozw\u00f3j sytuacji. Po ok. roku dwie samice zacz\u0119\u0142y si\u0119 wybarwia\u0107. Okaza\u0142o si\u0119, \u017ce to s\u0105 samce z op\u00f3\u017anionym\u00a0rozwojem. O r\u00f3\u017cnicy w wygl\u0105dzie zorientowa\u0142em si\u0119 dopiero po zakupieniu samic. Gdy do tego dosz\u0142o, niemal natychmiast samiec doprowadzi\u0142 do tar\u0142a. Tak prezentowa\u0142a si\u0119 r\u00f3\u017cnica.<\/span><\/p>\n<p><span style=\"color: #ffffff;\">samica<\/span><\/p>\n<p><span style=\"color: #ffffff;\"><a style=\"color: #ffffff;\" title=\"Powi\u0119ksz grafik\u0119\" href=\"http:\/\/forum.klub-malawi.pl\/uploads\/monthly_2018_09\/O.T_1B.thumb.JPG.ea0ce8366bc69ea5b4fadd0e2f180f13.jpg.285a32b1135ec209773e18aed1d53d9b.jpg\" data-ipslightbox=\"\" data-ipslightbox-group=\"g53489\"><img decoding=\"async\" class=\"ipsImage ipsImage_thumbnailed lazyload\" data-src=\"http:\/\/forum.klub-malawi.pl\/uploads\/monthly_2018_09\/O.T_1B.thumb.JPG.ea0ce8366bc69ea5b4fadd0e2f180f13.jpg.285a32b1135ec209773e18aed1d53d9b.jpg\" alt=\"O.T_1B.thumb.JPG.ea0ce8366bc69ea5b4fadd0e2f180f13.jpg.285a32b1135ec209773e18aed1d53d9b.jpg\" data-fileid=\"40590\" src=\"data:image\/svg+xml;base64,PHN2ZyB3aWR0aD0iMSIgaGVpZ2h0PSIxIiB4bWxucz0iaHR0cDovL3d3dy53My5vcmcvMjAwMC9zdmciPjwvc3ZnPg==\" \/><\/a><\/span><\/p>\n<p><span style=\"color: #ffffff;\">i samiec<\/span><\/p>\n<p><span style=\"color: #ffffff;\"><a style=\"color: #ffffff;\" title=\"Powi\u0119ksz grafik\u0119\" href=\"http:\/\/forum.klub-malawi.pl\/uploads\/monthly_2018_09\/5805a1664c574_O.T.1.thumb.JPG.ae0bb68d181f78930d860685dedb1b5d.jpg.302491b0076f8ed0932d42ea2304cce8.jpg\" data-ipslightbox=\"\" data-ipslightbox-group=\"g53489\"><img decoding=\"async\" class=\"ipsImage ipsImage_thumbnailed lazyload\" data-src=\"http:\/\/forum.klub-malawi.pl\/uploads\/monthly_2018_09\/5805a1664c574_O.T.1.thumb.JPG.ae0bb68d181f78930d860685dedb1b5d.jpg.302491b0076f8ed0932d42ea2304cce8.jpg\" alt=\"5805a1664c574_O.T.1.thumb.JPG.ae0bb68d181f78930d860685dedb1b5d.jpg.302491b0076f8ed0932d42ea2304cce8.jpg\" data-fileid=\"40591\" src=\"data:image\/svg+xml;base64,PHN2ZyB3aWR0aD0iMSIgaGVpZ2h0PSIxIiB4bWxucz0iaHR0cDovL3d3dy53My5vcmcvMjAwMC9zdmciPjwvc3ZnPg==\" \/><\/a><\/span><\/p>\n<p><span style=\"color: #ffffff;\"><strong>WNIOSKI<\/strong><\/span><\/p>\n<p><span style=\"color: #ffffff;\"><i>Otopharynx tetrastigma\u00a0<\/i>jest idealnym dodatkiem do ka\u017cdej obsady non-Mbuna. W naturze\u00a0 grzebie w pod\u0142o\u017cu w poszukiwaniu pokarmu, ale r\u00f3wnie\u017c pobiera zooplankton z toni wodnej, wi\u0119c nie jest &#8222;przyklejony&#8221; do dna. Przebywa na ca\u0142ej powierzchni akwarium.\u00a0 U mnie tylko m\u0142ode osobniki i w p\u00f3\u017aniejszym okresie samice wykazywa\u0142y sporadyczne zainteresowanie piaskiem. Du\u017cym atutem tego gatunku jest jego umaszczenie, odbiegaj\u0105ce\u00a0od standardowych w tym biotopie niebiesko\u015bci i \u017c\u00f3\u0142ci. Tu widzimy turkus i czerwie\u0144 z niebiesk\u0105 g\u0142ow\u0105. Wszystko w pastelowej tonacji. Zdj\u0119cia nie s\u0105 w stanie odda\u0107 urody tej ryby. Jego usposobienie\u00a0 jest wr\u0119cz idealne. Nie jest absorbuj\u0105cy wobec innych gatunk\u00f3w, ani nie daje si\u0119 zdominowa\u0107. Oczywi\u015bcie wy\u0142\u0105czam z tego gatunki agresywne i terytorialne, typu\u00a0<em>Protomelas<\/em>, gdy\u017c przy nich<em> tetrastigma\u00a0<\/em>jest zbyt\u00a0delikatna.<\/span><\/p>\n<p><span style=\"color: #ffffff;\">Idealni wsp\u00f3\u0142mieszka\u0144cy to gatunki z grupy\u00a0<em>Copadichromis, Placidochromis, Mylochromis, Lethrinops, Taeniolethrinops, Nyassachromis i Cyrtocara.<\/em><\/span><\/p>\n<p><span style=\"color: #ffffff;\">Z pe\u0142nym\u00a0przekonaniem polecam ten gatunek.<\/span><\/p>\n<p><span style=\"color: #ffffff;\">Pozner<\/span><\/p>\n","protected":false},"excerpt":{"rendered":"<p>WYST\u0118POWANIE Gatunek ten wyst\u0119puje w po\u0142udniowej cz\u0119\u015bci jeziora Malawi, u wybrze\u017cy wyspy Thumbi East, u wyp\u0142ywu\u00a0rzeki Shire do jeziora Malombe , oraz w samym jeziorze Malombe. \u015aRODOWISKO Otopharynx tetrastigma \u017cyje w przybrze\u017cnych rejonach na g\u0142\u0119boko\u015bci do 10-12\u00a0m. \u015arodowisko to charakteryzuje si\u0119 mulistym, pe\u0142nym osad\u00f3w dnem. Obszar ten poro\u015bni\u0119ty jest ro\u015blinami z rodzaju\u00a0Vallisneria (Nurzaniec) i Ceratophyllum [&hellip;]<\/p>\n","protected":false},"author":2,"featured_media":0,"parent":1168,"menu_order":0,"comment_status":"closed","ping_status":"closed","template":"","meta":{"footnotes":""},"class_list":["post-1171","page","type-page","status-publish","hentry"],"_links":{"self":[{"href":"https:\/\/www.klub-malawi.pl\/index.php?rest_route=\/wp\/v2\/pages\/1171","targetHints":{"allow":["GET"]}}],"collection":[{"href":"https:\/\/www.klub-malawi.pl\/index.php?rest_route=\/wp\/v2\/pages"}],"about":[{"href":"https:\/\/www.klub-malawi.pl\/index.php?rest_route=\/wp\/v2\/types\/page"}],"author":[{"embeddable":true,"href":"https:\/\/www.klub-malawi.pl\/index.php?rest_route=\/wp\/v2\/users\/2"}],"replies":[{"embeddable":true,"href":"https:\/\/www.klub-malawi.pl\/index.php?rest_route=%2Fwp%2Fv2%2Fcomments&post=1171"}],"version-history":[{"count":2,"href":"https:\/\/www.klub-malawi.pl\/index.php?rest_route=\/wp\/v2\/pages\/1171\/revisions"}],"predecessor-version":[{"id":1175,"href":"https:\/\/www.klub-malawi.pl\/index.php?rest_route=\/wp\/v2\/pages\/1171\/revisions\/1175"}],"up":[{"embeddable":true,"href":"https:\/\/www.klub-malawi.pl\/index.php?rest_route=\/wp\/v2\/pages\/1168"}],"wp:attachment":[{"href":"https:\/\/www.klub-malawi.pl\/index.php?rest_route=%2Fwp%2Fv2%2Fmedia&parent=1171"}],"curies":[{"name":"wp","href":"https:\/\/api.w.org\/{rel}","templated":true}]}}